{"id":629,"date":"2021-04-16T15:19:33","date_gmt":"2021-04-16T19:19:33","guid":{"rendered":"https:\/\/generatricedrummond.com.productionspolar.com\/marin\/"},"modified":"2024-10-29T10:32:12","modified_gmt":"2024-10-29T14:32:12","slug":"marine","status":"publish","type":"page","link":"https:\/\/generatricedrummond.com\/en\/marine\/","title":{"rendered":"Marine"},"content":{"rendered":"<div id=\"cs-content\" class=\"cs-content\"><div id=\"x-section-1\" class=\"x-section\" style=\"margin: 0px;padding: 0px 0 0; background-color: transparent;\" ><div id=\"\" class=\"x-container\" style=\"margin: 0px auto;padding: 0px;\" ><div  class=\"x-column x-sm x-1-1\" style=\"padding: 0px;\" >\n\t\t\t<!-- START MARINE REVOLUTION SLIDER 6.7.25 --><p class=\"rs-p-wp-fix\"><\/p>\n\t\t\t<rs-module-wrap id=\"rev_slider_41_1_wrapper\" data-source=\"gallery\" style=\"visibility:hidden;background:transparent;padding:0;margin:0px auto;margin-top:0;margin-bottom:0;\">\n\t\t\t\t<rs-module id=\"rev_slider_41_1\" style=\"\" data-version=\"6.7.25\">\n\t\t\t\t\t<rs-slides style=\"overflow: hidden; position: absolute;\">\n\t\t\t\t\t\t<rs-slide style=\"position: absolute;\" data-key=\"rs-41\" data-title=\"Slide\" data-anim=\"adpr:false;\" data-in=\"o:0;\" data-out=\"a:false;\">\n\t\t\t\t\t\t\t<img decoding=\"async\" src=\"\/\/generatricedrummond.com\/wp-content\/plugins\/revslider\/sr6\/assets\/assets\/dummy.png\" alt=\"\" title=\"marches_marin_slider\" width=\"2000\" height=\"1303\" class=\"rev-slidebg tp-rs-img rs-lazyload\" data-lazyload=\"\/\/generatricedrummond.com\/wp-content\/uploads\/2021\/04\/marches_marin_slider.jpg\" data-bg=\"p:center top;\" data-no-retina>\n<!--\n\t\t\t\t\t\t\t--><rs-layer\n\t\t\t\t\t\t\t\tid=\"slider-41-slide-41-layer-0\" \n\t\t\t\t\t\t\t\tdata-type=\"shape\"\n\t\t\t\t\t\t\t\tdata-rsp_ch=\"on\"\n\t\t\t\t\t\t\t\tdata-xy=\"y:b;\"\n\t\t\t\t\t\t\t\tdata-text=\"w:normal;\"\n\t\t\t\t\t\t\t\tdata-dim=\"w:536px;h:188px;\"\n\t\t\t\t\t\t\t\tdata-frame_999=\"o:0;st:w;\"\n\t\t\t\t\t\t\t\tstyle=\"z-index:5;background-color:rgba(6,53,122,0.5);\"\n\t\t\t\t\t\t\t> \n\t\t\t\t\t\t\t<\/rs-layer><!--\n\n\t\t\t\t\t\t\t--><rs-layer\n\t\t\t\t\t\t\t\tid=\"slider-41-slide-41-layer-1\" \n\t\t\t\t\t\t\t\tdata-type=\"text\"\n\t\t\t\t\t\t\t\tdata-color=\"#ffffff\"\n\t\t\t\t\t\t\t\tdata-rsp_ch=\"on\"\n\t\t\t\t\t\t\t\tdata-xy=\"x:32px;y:438px;\"\n\t\t\t\t\t\t\t\tdata-text=\"w:normal;s:37;l:40;fw:600;\"\n\t\t\t\t\t\t\t\tdata-frame_999=\"o:0;st:w;\"\n\t\t\t\t\t\t\t\tstyle=\"z-index:6;font-family:'Open Sans';text-transform:uppercase;\"\n\t\t\t\t\t\t\t>MARINE \n\t\t\t\t\t\t\t<\/rs-layer><!--\n\n\t\t\t\t\t\t\t--><rs-layer\n\t\t\t\t\t\t\t\tid=\"slider-41-slide-41-layer-2\" \n\t\t\t\t\t\t\t\tdata-type=\"text\"\n\t\t\t\t\t\t\t\tdata-color=\"#ffffff\"\n\t\t\t\t\t\t\t\tdata-rsp_ch=\"on\"\n\t\t\t\t\t\t\t\tdata-xy=\"x:35px;y:486px;\"\n\t\t\t\t\t\t\t\tdata-text=\"w:normal;s:19;l:21;fw:600;\"\n\t\t\t\t\t\t\t\tdata-frame_999=\"o:0;st:w;\"\n\t\t\t\t\t\t\t\tstyle=\"z-index:6;font-family:'Open Sans';\"\n\t\t\t\t\t\t\t>An answer to your needs \n\t\t\t\t\t\t\t<\/rs-layer><!--\n\n\t\t\t\t\t\t\t--><a\n\t\t\t\t\t\t\t\tid=\"slider-41-slide-41-layer-3\" \n\t\t\t\t\t\t\t\tclass=\"rs-layer\"\n\t\t\t\t\t\t\t\thref=\"tel:18005673835\" target=\"_self\"\n\t\t\t\t\t\t\t\tdata-type=\"text\"\n\t\t\t\t\t\t\t\tdata-color=\"#ffffff\"\n\t\t\t\t\t\t\t\tdata-rsp_ch=\"on\"\n\t\t\t\t\t\t\t\tdata-xy=\"x:37px;y:516px;\"\n\t\t\t\t\t\t\t\tdata-text=\"w:normal;s:26;l:29;fw:600;\"\n\t\t\t\t\t\t\t\tdata-frame_999=\"o:0;st:w;\"\n\t\t\t\t\t\t\t\tstyle=\"z-index:6;font-family:'Open Sans';\"\n\t\t\t\t\t\t\t>1 800 567-3835 \n\t\t\t\t\t\t\t<\/a><!--\n-->\t\t\t\t\t<\/rs-slide>\n\t\t\t\t\t<\/rs-slides>\n\t\t\t\t<\/rs-module>\n\t\t\t\t<script>\n\t\t\t\t\tsetREVStartSize({c: 'rev_slider_41_1',rl:[1240,1024,778,480],el:[600],gw:[1240],gh:[600],type:'standard',justify:'',layout:'fullwidth',mh:\"0\"});if (window.RS_MODULES!==undefined && window.RS_MODULES.modules!==undefined && window.RS_MODULES.modules[\"revslider411\"]!==undefined) {window.RS_MODULES.modules[\"revslider411\"].once = false;window.revapi41 = undefined;if (window.RS_MODULES.checkMinimal!==undefined) window.RS_MODULES.checkMinimal()}\n\t\t\t\t<\/script>\n\t\t\t<\/rs-module-wrap>\n\t\t\t<!-- END REVOLUTION SLIDER -->\n<\/div><\/div><\/div><div class=\"x-section e629-e5 mhh-0 mhh-1\"><div class=\"x-row x-container max width e629-e6 mhh-3 mhh-4 mhh-6 mhh-7\"><div class=\"x-row-inner\"><div class=\"x-col e629-e7 mhh-a\"><div class=\"x-text x-content e629-e8 mhh-b mhh-c mhh-d\"><p>MARINE<\/p><\/div><div class=\"x-text x-content e629-e9 mhh-b mhh-d mhh-e mhh-f\"><p>Rough Seas are No Reason for Technical Issues<\/p><\/div><div class=\"x-text x-content e629-e10 mhh-b mhh-e mhh-g\"><p>You can count on our maritime power supply expertise, as well as our wide range of high-quality products and services to have the energy you need to operate your vessel.<\/p>\n<p>We will support you, not only at the time of purchase but also during maintenance of your equipment, for the lowest possible cost. In addition, our large inventory of parts and available emergency services allow you to get back on the job quickly in the event of failure.<\/p>\n<p>Contact us today to build a strong relationship with a reliable partner.<\/p><\/div><\/div><\/div><\/div><div class=\"x-row x-container max width e629-e11 mhh-3 mhh-5 mhh-6 mhh-8\"><div class=\"x-row-inner\"><div class=\"x-col e629-e12 mhh-a\"><div class=\"x-text x-content e629-e13 mhh-b mhh-c mhh-d\">Solutions<\/div><div class=\"x-text x-content e629-e14 mhh-b mhh-e mhh-g\"><p><a href=\"https:\/\/generatricedrummond.com\/en\/mtu-onsite-energy\/\">MTU Onsite Energy prime power and standby power generators<\/a><\/p><\/div><\/div><\/div><\/div><\/div><div class=\"x-section e629-e15 mhh-0 mhh-2\"><div class=\"x-row e629-e16 mhh-3 mhh-4 mhh-6 mhh-9\"><div class=\"x-row-inner\"><div class=\"x-col e629-e17 mhh-a\"><div class=\"cs-content x-global-block x-global-block-588 e629-e18\"><div class=\"x-section e588-e1 mgc-0\"><div class=\"x-row x-container max width e588-e2 mgc-1 mgc-2 mgc-3 mgc-5 mgc-6\"><div class=\"x-row-inner\"><div class=\"x-col e588-e3 mgc-9\"><div class=\"x-text x-content e588-e4 mgc-b\"><p>MARKETS<\/p><\/div><\/div><\/div><\/div><div class=\"x-row x-container max width e588-e5 mgc-1 mgc-2 mgc-5 mgc-7\"><div class=\"x-row-inner\"><div class=\"x-col e588-e6 mgc-9 mgc-a\"><a class=\"x-anchor x-anchor-button has-graphic has-particle e588-e7 mgc-c\" tabindex=\"0\" href=\"\/agricole\/\"><span class=\"x-particle is-primary\" data-x-particle=\"scale-x_y overlap-c_c\" aria-hidden=\"true\"><span style=\"\"><\/span><\/span><div class=\"x-anchor-content\"><span class=\"x-graphic\" aria-hidden=\"true\"><span class=\"x-image x-graphic-child x-graphic-image x-graphic-primary\"><img decoding=\"async\" src=\"https:\/\/generatricedrummond.com\/wp-content\/uploads\/2021\/04\/marches_agricole_400px.jpg\" width=\"400\" height=\"267\" alt=\"Image\" loading=\"lazy\"><\/span><\/span><div class=\"x-anchor-text\"><span class=\"x-anchor-text-primary\">AGRICULTURal<\/span><\/div><\/div><\/a><\/div><div class=\"x-col e588-e8 mgc-9 mgc-a\"><a class=\"x-anchor x-anchor-button has-graphic has-particle e588-e9 mgc-c\" tabindex=\"0\" href=\"\/centre-de-donnees\/\"><span class=\"x-particle is-primary\" data-x-particle=\"scale-x_y overlap-c_c\" aria-hidden=\"true\"><span style=\"\"><\/span><\/span><div class=\"x-anchor-content\"><span class=\"x-graphic\" aria-hidden=\"true\"><span class=\"x-image x-graphic-child x-graphic-image x-graphic-primary\"><img decoding=\"async\" src=\"https:\/\/generatricedrummond.com\/wp-content\/uploads\/2021\/04\/marches_centre_de_donnees_400px.jpg\" width=\"400\" height=\"267\" alt=\"Image\" loading=\"lazy\"><\/span><\/span><div class=\"x-anchor-text\"><span class=\"x-anchor-text-primary\">DATA CENTRES<\/span><\/div><\/div><\/a><\/div><div class=\"x-col e588-e10 mgc-9 mgc-a\"><a class=\"x-anchor x-anchor-button has-graphic has-particle e588-e11 mgc-c\" tabindex=\"0\" href=\"\/construction\/\"><span class=\"x-particle is-primary\" data-x-particle=\"scale-x_y overlap-c_c\" aria-hidden=\"true\"><span style=\"\"><\/span><\/span><div class=\"x-anchor-content\"><span class=\"x-graphic\" aria-hidden=\"true\"><span class=\"x-image x-graphic-child x-graphic-image x-graphic-primary\"><img decoding=\"async\" src=\"https:\/\/generatricedrummond.com\/wp-content\/uploads\/2021\/04\/marches_construction_400px.jpg\" width=\"400\" height=\"267\" alt=\"Image\" loading=\"lazy\"><\/span><\/span><div class=\"x-anchor-text\"><span class=\"x-anchor-text-primary\">CONSTRUCTION<\/span><\/div><\/div><\/a><\/div><div class=\"x-col e588-e12 mgc-9 mgc-a\"><a class=\"x-anchor x-anchor-button has-graphic has-particle e588-e13 mgc-c\" tabindex=\"0\" href=\"\/evenementiel\/\"><span class=\"x-particle is-primary\" data-x-particle=\"scale-x_y overlap-c_c\" aria-hidden=\"true\"><span style=\"\"><\/span><\/span><div class=\"x-anchor-content\"><span class=\"x-graphic\" aria-hidden=\"true\"><span class=\"x-image x-graphic-child x-graphic-image x-graphic-primary\"><img decoding=\"async\" src=\"https:\/\/generatricedrummond.com\/wp-content\/uploads\/2021\/04\/marches_evenementiel_400px-2.jpg\" width=\"400\" height=\"267\" alt=\"Image\" loading=\"lazy\"><\/span><\/span><div class=\"x-anchor-text\"><span class=\"x-anchor-text-primary\">EVENTS<\/span><\/div><\/div><\/a><\/div><div class=\"x-col e588-e14 mgc-9 mgc-a\"><a class=\"x-anchor x-anchor-button has-graphic has-particle e588-e15 mgc-c\" tabindex=\"0\" href=\"\/industriel\/\"><span class=\"x-particle is-primary\" data-x-particle=\"scale-x_y overlap-c_c\" aria-hidden=\"true\"><span style=\"\"><\/span><\/span><div class=\"x-anchor-content\"><span class=\"x-graphic\" aria-hidden=\"true\"><span class=\"x-image x-graphic-child x-graphic-image x-graphic-primary\"><img decoding=\"async\" src=\"https:\/\/generatricedrummond.com\/wp-content\/uploads\/2021\/04\/marche_industriel_400px.jpg\" width=\"400\" height=\"267\" alt=\"Image\" loading=\"lazy\"><\/span><\/span><div class=\"x-anchor-text\"><span class=\"x-anchor-text-primary\">INDUSTRIAL<\/span><\/div><\/div><\/a><\/div><\/div><\/div><div class=\"x-row x-container max width e588-e16 mgc-1 mgc-4 mgc-5 mgc-8\"><div class=\"x-row-inner\"><div class=\"x-col e588-e17 mgc-9 mgc-a\"><a class=\"x-anchor x-anchor-button has-graphic has-particle e588-e18 mgc-c\" tabindex=\"0\" href=\"\/institutionnel\/\"><span class=\"x-particle is-primary\" data-x-particle=\"scale-x_y overlap-c_c\" aria-hidden=\"true\"><span style=\"\"><\/span><\/span><div class=\"x-anchor-content\"><span class=\"x-graphic\" aria-hidden=\"true\"><span class=\"x-image x-graphic-child x-graphic-image x-graphic-primary\"><img decoding=\"async\" src=\"https:\/\/generatricedrummond.com\/wp-content\/uploads\/2021\/04\/marches_institutionnel_400px.jpg\" width=\"400\" height=\"267\" alt=\"Image\" loading=\"lazy\"><\/span><\/span><div class=\"x-anchor-text\"><span class=\"x-anchor-text-primary\">INSTITUTIONaL<\/span><\/div><\/div><\/a><\/div><div class=\"x-col e588-e19 mgc-9 mgc-a\"><a class=\"x-anchor x-anchor-button has-graphic has-particle e588-e20 mgc-c\" tabindex=\"0\" href=\"\/marin\/\"><span class=\"x-particle is-primary\" data-x-particle=\"scale-x_y overlap-c_c\" aria-hidden=\"true\"><span style=\"\"><\/span><\/span><div class=\"x-anchor-content\"><span class=\"x-graphic\" aria-hidden=\"true\"><span class=\"x-image x-graphic-child x-graphic-image x-graphic-primary\"><img decoding=\"async\" src=\"https:\/\/generatricedrummond.com\/wp-content\/uploads\/2021\/04\/marches_marin_400px.jpg\" width=\"400\" height=\"267\" alt=\"Image\" loading=\"lazy\"><\/span><\/span><div class=\"x-anchor-text\"><span class=\"x-anchor-text-primary\">MARINe<\/span><\/div><\/div><\/a><\/div><div class=\"x-col e588-e21 mgc-9 mgc-a\"><a class=\"x-anchor x-anchor-button has-graphic has-particle e588-e22 mgc-c\" tabindex=\"0\" href=\"\/minier\/\"><span class=\"x-particle is-primary\" data-x-particle=\"scale-x_y overlap-c_c\" aria-hidden=\"true\"><span style=\"\"><\/span><\/span><div class=\"x-anchor-content\"><span class=\"x-graphic\" aria-hidden=\"true\"><span class=\"x-image x-graphic-child x-graphic-image x-graphic-primary\"><img decoding=\"async\" src=\"https:\/\/generatricedrummond.com\/wp-content\/uploads\/2021\/04\/marches_minier_400px.jpg\" width=\"400\" height=\"267\" alt=\"Image\" loading=\"lazy\"><\/span><\/span><div class=\"x-anchor-text\"><span class=\"x-anchor-text-primary\">MINIEs<\/span><\/div><\/div><\/a><\/div><div class=\"x-col e588-e23 mgc-9 mgc-a\"><a class=\"x-anchor x-anchor-button has-graphic has-particle e588-e24 mgc-c\" tabindex=\"0\" href=\"\/municipal\/\"><span class=\"x-particle is-primary\" data-x-particle=\"scale-x_y overlap-c_c\" aria-hidden=\"true\"><span style=\"\"><\/span><\/span><div class=\"x-anchor-content\"><span class=\"x-graphic\" aria-hidden=\"true\"><span class=\"x-image x-graphic-child x-graphic-image x-graphic-primary\"><img decoding=\"async\" src=\"https:\/\/generatricedrummond.com\/wp-content\/uploads\/2021\/04\/marches_municipal_400px.jpg\" width=\"400\" height=\"267\" alt=\"Image\" loading=\"lazy\"><\/span><\/span><div class=\"x-anchor-text\"><span class=\"x-anchor-text-primary\">MUNICIPALities<\/span><\/div><\/div><\/a><\/div><div class=\"x-col e588-e25 mgc-9 mgc-a\"><a class=\"x-anchor x-anchor-button has-graphic has-particle e588-e26 mgc-c\" tabindex=\"0\" href=\"\/residentiel\/\"><span class=\"x-particle is-primary\" data-x-particle=\"scale-x_y overlap-c_c\" aria-hidden=\"true\"><span style=\"\"><\/span><\/span><div class=\"x-anchor-content\"><span class=\"x-graphic\" aria-hidden=\"true\"><span class=\"x-image x-graphic-child x-graphic-image x-graphic-primary\"><img decoding=\"async\" src=\"https:\/\/generatricedrummond.com\/wp-content\/uploads\/2021\/04\/marches_residentiel_400px.jpg\" width=\"400\" height=\"267\" alt=\"Image\" loading=\"lazy\"><\/span><\/span><div class=\"x-anchor-text\"><span class=\"x-anchor-text-primary\">ReSIDENTIaL<\/span><\/div><\/div><\/a><\/div><\/div><\/div><\/div><\/div><\/div><\/div><\/div><\/div><\/div>\n","protected":false},"excerpt":{"rendered":"<p>MARINE An answer to your needs 1 800 567-3835 MARINERough Seas are No Reason for Technical IssuesYou can count on our maritime power supply expertise, as well as our wide range of high-quality products and services to have the energy you need to operate your vessel. We will support you, not only at the time of purchase but also during &#8230; <\/p>\n<div><a href=\"https:\/\/generatricedrummond.com\/en\/marine\/\" class=\"more-link\">Read More<\/a><\/div>\n","protected":false},"author":1,"featured_media":0,"parent":0,"menu_order":0,"comment_status":"closed","ping_status":"closed","template":"template-blank-4.php","meta":{"footnotes":""},"class_list":["post-629","page","type-page","status-publish","hentry","no-post-thumbnail"],"yoast_head":"<!-- This site is optimized with the Yoast SEO plugin v26.8 - https:\/\/yoast.com\/product\/yoast-seo-wordpress\/ -->\n<title>Marine - G\u00e9n\u00e9ratrice Drummond - Votre fournisseur de solutions compl\u00e8tes pour les syst\u00e8mes \u00e9nerg\u00e9tiques<\/title>\n<meta name=\"robots\" content=\"index, follow, max-snippet:-1, max-image-preview:large, max-video-preview:-1\" \/>\n<link rel=\"canonical\" href=\"https:\/\/generatricedrummond.com\/en\/marine\/\" \/>\n<meta property=\"og:locale\" content=\"en_US\" \/>\n<meta property=\"og:type\" content=\"article\" \/>\n<meta property=\"og:title\" content=\"Marine - G\u00e9n\u00e9ratrice Drummond - Votre fournisseur de solutions compl\u00e8tes pour les syst\u00e8mes \u00e9nerg\u00e9tiques\" \/>\n<meta property=\"og:description\" content=\"MARINE An answer to your needs 1 800 567-3835 MARINERough Seas are No Reason for Technical IssuesYou can count on our maritime power supply expertise, as well as our wide range of high-quality products and services to have the energy you need to operate your vessel. We will support you, not only at the time of purchase but also during ... Read More\" \/>\n<meta property=\"og:url\" content=\"https:\/\/generatricedrummond.com\/en\/marine\/\" \/>\n<meta property=\"og:site_name\" content=\"G\u00e9n\u00e9ratrice Drummond - Votre fournisseur de solutions compl\u00e8tes pour les syst\u00e8mes \u00e9nerg\u00e9tiques\" \/>\n<meta property=\"article:modified_time\" content=\"2024-10-29T14:32:12+00:00\" \/>\n<meta name=\"twitter:card\" content=\"summary_large_image\" \/>\n<meta name=\"twitter:label1\" content=\"Est. reading time\" \/>\n\t<meta name=\"twitter:data1\" content=\"2 minutes\" \/>\n<script type=\"application\/ld+json\" class=\"yoast-schema-graph\">{\"@context\":\"https:\/\/schema.org\",\"@graph\":[{\"@type\":\"WebPage\",\"@id\":\"https:\/\/generatricedrummond.com\/en\/marine\/\",\"url\":\"https:\/\/generatricedrummond.com\/en\/marine\/\",\"name\":\"Marine - G\u00e9n\u00e9ratrice Drummond - Votre fournisseur de solutions compl\u00e8tes pour les syst\u00e8mes \u00e9nerg\u00e9tiques\",\"isPartOf\":{\"@id\":\"https:\/\/generatricedrummond.com\/#website\"},\"datePublished\":\"2021-04-16T19:19:33+00:00\",\"dateModified\":\"2024-10-29T14:32:12+00:00\",\"breadcrumb\":{\"@id\":\"https:\/\/generatricedrummond.com\/en\/marine\/#breadcrumb\"},\"inLanguage\":\"en-US\",\"potentialAction\":[{\"@type\":\"ReadAction\",\"target\":[\"https:\/\/generatricedrummond.com\/en\/marine\/\"]}]},{\"@type\":\"BreadcrumbList\",\"@id\":\"https:\/\/generatricedrummond.com\/en\/marine\/#breadcrumb\",\"itemListElement\":[{\"@type\":\"ListItem\",\"position\":1,\"name\":\"Accueil\",\"item\":\"https:\/\/generatricedrummond.com\/en\/home\/\"},{\"@type\":\"ListItem\",\"position\":2,\"name\":\"Marine\"}]},{\"@type\":\"WebSite\",\"@id\":\"https:\/\/generatricedrummond.com\/#website\",\"url\":\"https:\/\/generatricedrummond.com\/\",\"name\":\"G\u00e9n\u00e9ratrice Drummond - Votre fournisseur de solutions compl\u00e8tes pour les syst\u00e8mes \u00e9nerg\u00e9tiques\",\"description\":\"Distributeur et fabricant de g\u00e9n\u00e9ratrice\",\"potentialAction\":[{\"@type\":\"SearchAction\",\"target\":{\"@type\":\"EntryPoint\",\"urlTemplate\":\"https:\/\/generatricedrummond.com\/?s={search_term_string}\"},\"query-input\":{\"@type\":\"PropertyValueSpecification\",\"valueRequired\":true,\"valueName\":\"search_term_string\"}}],\"inLanguage\":\"en-US\"}]}<\/script>\n<!-- \/ Yoast SEO plugin. -->","yoast_head_json":{"title":"Marine - G\u00e9n\u00e9ratrice Drummond - Votre fournisseur de solutions compl\u00e8tes pour les syst\u00e8mes \u00e9nerg\u00e9tiques","robots":{"index":"index","follow":"follow","max-snippet":"max-snippet:-1","max-image-preview":"max-image-preview:large","max-video-preview":"max-video-preview:-1"},"canonical":"https:\/\/generatricedrummond.com\/en\/marine\/","og_locale":"en_US","og_type":"article","og_title":"Marine - G\u00e9n\u00e9ratrice Drummond - Votre fournisseur de solutions compl\u00e8tes pour les syst\u00e8mes \u00e9nerg\u00e9tiques","og_description":"MARINE An answer to your needs 1 800 567-3835 MARINERough Seas are No Reason for Technical IssuesYou can count on our maritime power supply expertise, as well as our wide range of high-quality products and services to have the energy you need to operate your vessel. We will support you, not only at the time of purchase but also during ... Read More","og_url":"https:\/\/generatricedrummond.com\/en\/marine\/","og_site_name":"G\u00e9n\u00e9ratrice Drummond - Votre fournisseur de solutions compl\u00e8tes pour les syst\u00e8mes \u00e9nerg\u00e9tiques","article_modified_time":"2024-10-29T14:32:12+00:00","twitter_card":"summary_large_image","twitter_misc":{"Est. reading time":"2 minutes"},"schema":{"@context":"https:\/\/schema.org","@graph":[{"@type":"WebPage","@id":"https:\/\/generatricedrummond.com\/en\/marine\/","url":"https:\/\/generatricedrummond.com\/en\/marine\/","name":"Marine - G\u00e9n\u00e9ratrice Drummond - Votre fournisseur de solutions compl\u00e8tes pour les syst\u00e8mes \u00e9nerg\u00e9tiques","isPartOf":{"@id":"https:\/\/generatricedrummond.com\/#website"},"datePublished":"2021-04-16T19:19:33+00:00","dateModified":"2024-10-29T14:32:12+00:00","breadcrumb":{"@id":"https:\/\/generatricedrummond.com\/en\/marine\/#breadcrumb"},"inLanguage":"en-US","potentialAction":[{"@type":"ReadAction","target":["https:\/\/generatricedrummond.com\/en\/marine\/"]}]},{"@type":"BreadcrumbList","@id":"https:\/\/generatricedrummond.com\/en\/marine\/#breadcrumb","itemListElement":[{"@type":"ListItem","position":1,"name":"Accueil","item":"https:\/\/generatricedrummond.com\/en\/home\/"},{"@type":"ListItem","position":2,"name":"Marine"}]},{"@type":"WebSite","@id":"https:\/\/generatricedrummond.com\/#website","url":"https:\/\/generatricedrummond.com\/","name":"G\u00e9n\u00e9ratrice Drummond - Votre fournisseur de solutions compl\u00e8tes pour les syst\u00e8mes \u00e9nerg\u00e9tiques","description":"Distributeur et fabricant de g\u00e9n\u00e9ratrice","potentialAction":[{"@type":"SearchAction","target":{"@type":"EntryPoint","urlTemplate":"https:\/\/generatricedrummond.com\/?s={search_term_string}"},"query-input":{"@type":"PropertyValueSpecification","valueRequired":true,"valueName":"search_term_string"}}],"inLanguage":"en-US"}]}},"_links":{"self":[{"href":"https:\/\/generatricedrummond.com\/en\/wp-json\/wp\/v2\/pages\/629","targetHints":{"allow":["GET"]}}],"collection":[{"href":"https:\/\/generatricedrummond.com\/en\/wp-json\/wp\/v2\/pages"}],"about":[{"href":"https:\/\/generatricedrummond.com\/en\/wp-json\/wp\/v2\/types\/page"}],"author":[{"embeddable":true,"href":"https:\/\/generatricedrummond.com\/en\/wp-json\/wp\/v2\/users\/1"}],"replies":[{"embeddable":true,"href":"https:\/\/generatricedrummond.com\/en\/wp-json\/wp\/v2\/comments?post=629"}],"version-history":[{"count":5,"href":"https:\/\/generatricedrummond.com\/en\/wp-json\/wp\/v2\/pages\/629\/revisions"}],"predecessor-version":[{"id":5972,"href":"https:\/\/generatricedrummond.com\/en\/wp-json\/wp\/v2\/pages\/629\/revisions\/5972"}],"wp:attachment":[{"href":"https:\/\/generatricedrummond.com\/en\/wp-json\/wp\/v2\/media?parent=629"}],"curies":[{"name":"wp","href":"https:\/\/api.w.org\/{rel}","templated":true}]}}