{"id":598,"date":"2021-04-16T14:58:22","date_gmt":"2021-04-16T18:58:22","guid":{"rendered":"https:\/\/generatricedrummond.com.productionspolar.com\/centre-de-donnees\/"},"modified":"2024-10-29T10:33:08","modified_gmt":"2024-10-29T14:33:08","slug":"data-centre","status":"publish","type":"page","link":"https:\/\/generatricedrummond.com\/en\/data-centre\/","title":{"rendered":"Data Centre"},"content":{"rendered":"<div id=\"cs-content\" class=\"cs-content\"><div id=\"x-section-1\" class=\"x-section\" style=\"margin: 0px;padding: 0px 0 0; background-color: transparent;\" ><div id=\"\" class=\"x-container\" style=\"margin: 0px auto;padding: 0px;\" ><div  class=\"x-column x-sm x-1-1\" style=\"padding: 0px;\" >\n\t\t\t<!-- START DATA CENTRE REVOLUTION SLIDER 6.7.25 --><p class=\"rs-p-wp-fix\"><\/p>\n\t\t\t<rs-module-wrap id=\"rev_slider_36_1_wrapper\" data-source=\"gallery\" style=\"visibility:hidden;background:transparent;padding:0;margin:0px auto;margin-top:0;margin-bottom:0;\">\n\t\t\t\t<rs-module id=\"rev_slider_36_1\" style=\"\" data-version=\"6.7.25\">\n\t\t\t\t\t<rs-slides style=\"overflow: hidden; position: absolute;\">\n\t\t\t\t\t\t<rs-slide style=\"position: absolute;\" data-key=\"rs-36\" data-title=\"Slide\" data-anim=\"adpr:false;\" data-in=\"o:0;\" data-out=\"a:false;\">\n\t\t\t\t\t\t\t<img decoding=\"async\" src=\"\/\/generatricedrummond.com\/wp-content\/plugins\/revslider\/sr6\/assets\/assets\/dummy.png\" alt=\"\" title=\"marches_centre_de_donnees_slider\" width=\"2000\" height=\"1333\" class=\"rev-slidebg tp-rs-img rs-lazyload\" data-lazyload=\"\/\/generatricedrummond.com\/wp-content\/uploads\/2021\/04\/marches_centre_de_donnees_slider-1.jpg\" data-no-retina>\n<!--\n\t\t\t\t\t\t\t--><rs-layer\n\t\t\t\t\t\t\t\tid=\"slider-36-slide-36-layer-0\" \n\t\t\t\t\t\t\t\tdata-type=\"shape\"\n\t\t\t\t\t\t\t\tdata-rsp_ch=\"on\"\n\t\t\t\t\t\t\t\tdata-xy=\"x:r;y:b;\"\n\t\t\t\t\t\t\t\tdata-text=\"w:normal;\"\n\t\t\t\t\t\t\t\tdata-dim=\"w:536px;h:188px;\"\n\t\t\t\t\t\t\t\tdata-frame_999=\"o:0;st:w;\"\n\t\t\t\t\t\t\t\tstyle=\"z-index:5;background-color:rgba(6,53,122,0.5);\"\n\t\t\t\t\t\t\t> \n\t\t\t\t\t\t\t<\/rs-layer><!--\n\n\t\t\t\t\t\t\t--><rs-layer\n\t\t\t\t\t\t\t\tid=\"slider-36-slide-36-layer-1\" \n\t\t\t\t\t\t\t\tdata-type=\"text\"\n\t\t\t\t\t\t\t\tdata-color=\"#ffffff\"\n\t\t\t\t\t\t\t\tdata-rsp_ch=\"on\"\n\t\t\t\t\t\t\t\tdata-xy=\"x:727px;y:437px;\"\n\t\t\t\t\t\t\t\tdata-text=\"w:normal;s:37;l:40;fw:600;\"\n\t\t\t\t\t\t\t\tdata-frame_999=\"o:0;st:w;\"\n\t\t\t\t\t\t\t\tstyle=\"z-index:6;font-family:'Open Sans';text-transform:uppercase;\"\n\t\t\t\t\t\t\t>DATA CENTRE \n\t\t\t\t\t\t\t<\/rs-layer><!--\n\n\t\t\t\t\t\t\t--><rs-layer\n\t\t\t\t\t\t\t\tid=\"slider-36-slide-36-layer-2\" \n\t\t\t\t\t\t\t\tdata-type=\"text\"\n\t\t\t\t\t\t\t\tdata-color=\"#ffffff\"\n\t\t\t\t\t\t\t\tdata-rsp_ch=\"on\"\n\t\t\t\t\t\t\t\tdata-xy=\"x:729px;y:484px;\"\n\t\t\t\t\t\t\t\tdata-text=\"w:normal;s:19;l:21;fw:600;\"\n\t\t\t\t\t\t\t\tdata-frame_999=\"o:0;st:w;\"\n\t\t\t\t\t\t\t\tstyle=\"z-index:6;font-family:'Open Sans';\"\n\t\t\t\t\t\t\t>An answer to your needs \n\t\t\t\t\t\t\t<\/rs-layer><!--\n\n\t\t\t\t\t\t\t--><a\n\t\t\t\t\t\t\t\tid=\"slider-36-slide-36-layer-3\" \n\t\t\t\t\t\t\t\tclass=\"rs-layer\"\n\t\t\t\t\t\t\t\thref=\"tel:18005673835\" target=\"_self\"\n\t\t\t\t\t\t\t\tdata-type=\"text\"\n\t\t\t\t\t\t\t\tdata-color=\"#ffffff\"\n\t\t\t\t\t\t\t\tdata-rsp_ch=\"on\"\n\t\t\t\t\t\t\t\tdata-xy=\"x:729px;y:517px;\"\n\t\t\t\t\t\t\t\tdata-text=\"w:normal;s:26;l:29;fw:600;\"\n\t\t\t\t\t\t\t\tdata-frame_999=\"o:0;st:w;\"\n\t\t\t\t\t\t\t\tstyle=\"z-index:6;font-family:'Open Sans';\"\n\t\t\t\t\t\t\t>1 800 567-3835 \n\t\t\t\t\t\t\t<\/a><!--\n-->\t\t\t\t\t<\/rs-slide>\n\t\t\t\t\t<\/rs-slides>\n\t\t\t\t<\/rs-module>\n\t\t\t\t<script>\n\t\t\t\t\tsetREVStartSize({c: 'rev_slider_36_1',rl:[1240,1024,778,480],el:[600],gw:[1240],gh:[600],type:'standard',justify:'',layout:'fullwidth',mh:\"0\"});if (window.RS_MODULES!==undefined && window.RS_MODULES.modules!==undefined && window.RS_MODULES.modules[\"revslider361\"]!==undefined) {window.RS_MODULES.modules[\"revslider361\"].once = false;window.revapi36 = undefined;if (window.RS_MODULES.checkMinimal!==undefined) window.RS_MODULES.checkMinimal()}\n\t\t\t\t<\/script>\n\t\t\t<\/rs-module-wrap>\n\t\t\t<!-- END REVOLUTION SLIDER -->\n<\/div><\/div><\/div><div class=\"x-section e598-e5 mgm-0 mgm-1\"><div class=\"x-row x-container max width e598-e6 mgm-3 mgm-4 mgm-6 mgm-7\"><div class=\"x-row-inner\"><div class=\"x-col e598-e7 mgm-a\"><div class=\"x-text x-content e598-e8 mgm-b mgm-c mgm-d\"><p>DATA CENTRE<\/p><\/div><div class=\"x-text x-content e598-e9 mgm-b mgm-d mgm-e mgm-f\"><p>Powering the Information Age<\/p><\/div><div class=\"x-text x-content e598-e10 mgm-b mgm-e mgm-g\"><p>G\u00e9n\u00e9ratrice Drummond is a trusted name for data centre power up. We have the necessary power to keep your operation running smoothly while mitigating energy fluctuations. Not only can you feel confident hosting client data, but our sound-proofed shelters help to comply with noise regulations, allowing you to operate data centres in both urban and industrial areas.<\/p>\n<p>Whether you\u2019re at the design stage of your power system, or at the purchase and commissioning of a new one, our specialized engineering team is there to guide you into the right power solution for your data centre.<\/p>\n<p>Our expert service team will always:<\/p>\n\n<ul>\n \t<li>Optimize the reliability of your investment,<\/li>\n \t<li>Minimize\n<ul>\n \t<li>Downtimes,<\/li>\n \t<li>Fuel consumption,<\/li>\n \t<li>Operating costs related to failure.<\/li>\n<\/ul>\n<\/li>\n<\/ul><\/div><\/div><\/div><\/div><div class=\"x-row x-container max width e598-e11 mgm-3 mgm-5 mgm-6 mgm-8\"><div class=\"x-row-inner\"><div class=\"x-col e598-e12 mgm-a\"><div class=\"x-text x-content e598-e13 mgm-b mgm-c mgm-d\"><p>Solutions<\/p><\/div><div class=\"x-text x-content e598-e14 mgm-b mgm-e mgm-g\"><ul>\n<li><a href=\"http:\/\/www.generatricedrummond.com\/en\/products\/soundproof-shelter\/\">Sound-proofed shelters<\/a><\/li>\n<li><a href=\"http:\/\/www.generatricedrummond.com\/en\/products\/transfer-switches\/\">Transfer switches<\/a><\/li>\n<li><a href=\"http:\/\/www.generatricedrummond.com\/en\/mtu-onsite-energy\/\">MTU Onsite Energy prime power and standby power generators<\/a><\/li>\n<\/ul><\/div><\/div><\/div><\/div><\/div><div class=\"x-section e598-e15 mgm-0 mgm-2\"><div class=\"x-row e598-e16 mgm-3 mgm-4 mgm-6 mgm-9\"><div class=\"x-row-inner\"><div class=\"x-col e598-e17 mgm-a\"><div class=\"cs-content x-global-block x-global-block-588 e598-e18\"><div class=\"x-section e588-e1 mgc-0\"><div class=\"x-row x-container max width e588-e2 mgc-1 mgc-2 mgc-3 mgc-5 mgc-6\"><div class=\"x-row-inner\"><div class=\"x-col e588-e3 mgc-9\"><div class=\"x-text x-content e588-e4 mgc-b\"><p>MARKETS<\/p><\/div><\/div><\/div><\/div><div class=\"x-row x-container max width e588-e5 mgc-1 mgc-2 mgc-5 mgc-7\"><div class=\"x-row-inner\"><div class=\"x-col e588-e6 mgc-9 mgc-a\"><a class=\"x-anchor x-anchor-button has-graphic has-particle e588-e7 mgc-c\" tabindex=\"0\" href=\"\/agricole\/\"><span class=\"x-particle is-primary\" data-x-particle=\"scale-x_y overlap-c_c\" aria-hidden=\"true\"><span style=\"\"><\/span><\/span><div class=\"x-anchor-content\"><span class=\"x-graphic\" aria-hidden=\"true\"><span class=\"x-image x-graphic-child x-graphic-image x-graphic-primary\"><img decoding=\"async\" src=\"https:\/\/generatricedrummond.com\/wp-content\/uploads\/2021\/04\/marches_agricole_400px.jpg\" width=\"400\" height=\"267\" alt=\"Image\" loading=\"lazy\"><\/span><\/span><div class=\"x-anchor-text\"><span class=\"x-anchor-text-primary\">AGRICULTURal<\/span><\/div><\/div><\/a><\/div><div class=\"x-col e588-e8 mgc-9 mgc-a\"><a class=\"x-anchor x-anchor-button has-graphic has-particle e588-e9 mgc-c\" tabindex=\"0\" href=\"\/centre-de-donnees\/\"><span class=\"x-particle is-primary\" data-x-particle=\"scale-x_y overlap-c_c\" aria-hidden=\"true\"><span style=\"\"><\/span><\/span><div class=\"x-anchor-content\"><span class=\"x-graphic\" aria-hidden=\"true\"><span class=\"x-image x-graphic-child x-graphic-image x-graphic-primary\"><img decoding=\"async\" src=\"https:\/\/generatricedrummond.com\/wp-content\/uploads\/2021\/04\/marches_centre_de_donnees_400px.jpg\" width=\"400\" height=\"267\" alt=\"Image\" loading=\"lazy\"><\/span><\/span><div class=\"x-anchor-text\"><span class=\"x-anchor-text-primary\">DATA CENTRES<\/span><\/div><\/div><\/a><\/div><div class=\"x-col e588-e10 mgc-9 mgc-a\"><a class=\"x-anchor x-anchor-button has-graphic has-particle e588-e11 mgc-c\" tabindex=\"0\" href=\"\/construction\/\"><span class=\"x-particle is-primary\" data-x-particle=\"scale-x_y overlap-c_c\" aria-hidden=\"true\"><span style=\"\"><\/span><\/span><div class=\"x-anchor-content\"><span class=\"x-graphic\" aria-hidden=\"true\"><span class=\"x-image x-graphic-child x-graphic-image x-graphic-primary\"><img decoding=\"async\" src=\"https:\/\/generatricedrummond.com\/wp-content\/uploads\/2021\/04\/marches_construction_400px.jpg\" width=\"400\" height=\"267\" alt=\"Image\" loading=\"lazy\"><\/span><\/span><div class=\"x-anchor-text\"><span class=\"x-anchor-text-primary\">CONSTRUCTION<\/span><\/div><\/div><\/a><\/div><div class=\"x-col e588-e12 mgc-9 mgc-a\"><a class=\"x-anchor x-anchor-button has-graphic has-particle e588-e13 mgc-c\" tabindex=\"0\" href=\"\/evenementiel\/\"><span class=\"x-particle is-primary\" data-x-particle=\"scale-x_y overlap-c_c\" aria-hidden=\"true\"><span style=\"\"><\/span><\/span><div class=\"x-anchor-content\"><span class=\"x-graphic\" aria-hidden=\"true\"><span class=\"x-image x-graphic-child x-graphic-image x-graphic-primary\"><img decoding=\"async\" src=\"https:\/\/generatricedrummond.com\/wp-content\/uploads\/2021\/04\/marches_evenementiel_400px-2.jpg\" width=\"400\" height=\"267\" alt=\"Image\" loading=\"lazy\"><\/span><\/span><div class=\"x-anchor-text\"><span class=\"x-anchor-text-primary\">EVENTS<\/span><\/div><\/div><\/a><\/div><div class=\"x-col e588-e14 mgc-9 mgc-a\"><a class=\"x-anchor x-anchor-button has-graphic has-particle e588-e15 mgc-c\" tabindex=\"0\" href=\"\/industriel\/\"><span class=\"x-particle is-primary\" data-x-particle=\"scale-x_y overlap-c_c\" aria-hidden=\"true\"><span style=\"\"><\/span><\/span><div class=\"x-anchor-content\"><span class=\"x-graphic\" aria-hidden=\"true\"><span class=\"x-image x-graphic-child x-graphic-image x-graphic-primary\"><img decoding=\"async\" src=\"https:\/\/generatricedrummond.com\/wp-content\/uploads\/2021\/04\/marche_industriel_400px.jpg\" width=\"400\" height=\"267\" alt=\"Image\" loading=\"lazy\"><\/span><\/span><div class=\"x-anchor-text\"><span class=\"x-anchor-text-primary\">INDUSTRIAL<\/span><\/div><\/div><\/a><\/div><\/div><\/div><div class=\"x-row x-container max width e588-e16 mgc-1 mgc-4 mgc-5 mgc-8\"><div class=\"x-row-inner\"><div class=\"x-col e588-e17 mgc-9 mgc-a\"><a class=\"x-anchor x-anchor-button has-graphic has-particle e588-e18 mgc-c\" tabindex=\"0\" href=\"\/institutionnel\/\"><span class=\"x-particle is-primary\" data-x-particle=\"scale-x_y overlap-c_c\" aria-hidden=\"true\"><span style=\"\"><\/span><\/span><div class=\"x-anchor-content\"><span class=\"x-graphic\" aria-hidden=\"true\"><span class=\"x-image x-graphic-child x-graphic-image x-graphic-primary\"><img decoding=\"async\" src=\"https:\/\/generatricedrummond.com\/wp-content\/uploads\/2021\/04\/marches_institutionnel_400px.jpg\" width=\"400\" height=\"267\" alt=\"Image\" loading=\"lazy\"><\/span><\/span><div class=\"x-anchor-text\"><span class=\"x-anchor-text-primary\">INSTITUTIONaL<\/span><\/div><\/div><\/a><\/div><div class=\"x-col e588-e19 mgc-9 mgc-a\"><a class=\"x-anchor x-anchor-button has-graphic has-particle e588-e20 mgc-c\" tabindex=\"0\" href=\"\/marin\/\"><span class=\"x-particle is-primary\" data-x-particle=\"scale-x_y overlap-c_c\" aria-hidden=\"true\"><span style=\"\"><\/span><\/span><div class=\"x-anchor-content\"><span class=\"x-graphic\" aria-hidden=\"true\"><span class=\"x-image x-graphic-child x-graphic-image x-graphic-primary\"><img decoding=\"async\" src=\"https:\/\/generatricedrummond.com\/wp-content\/uploads\/2021\/04\/marches_marin_400px.jpg\" width=\"400\" height=\"267\" alt=\"Image\" loading=\"lazy\"><\/span><\/span><div class=\"x-anchor-text\"><span class=\"x-anchor-text-primary\">MARINe<\/span><\/div><\/div><\/a><\/div><div class=\"x-col e588-e21 mgc-9 mgc-a\"><a class=\"x-anchor x-anchor-button has-graphic has-particle e588-e22 mgc-c\" tabindex=\"0\" href=\"\/minier\/\"><span class=\"x-particle is-primary\" data-x-particle=\"scale-x_y overlap-c_c\" aria-hidden=\"true\"><span style=\"\"><\/span><\/span><div class=\"x-anchor-content\"><span class=\"x-graphic\" aria-hidden=\"true\"><span class=\"x-image x-graphic-child x-graphic-image x-graphic-primary\"><img decoding=\"async\" src=\"https:\/\/generatricedrummond.com\/wp-content\/uploads\/2021\/04\/marches_minier_400px.jpg\" width=\"400\" height=\"267\" alt=\"Image\" loading=\"lazy\"><\/span><\/span><div class=\"x-anchor-text\"><span class=\"x-anchor-text-primary\">MINIEs<\/span><\/div><\/div><\/a><\/div><div class=\"x-col e588-e23 mgc-9 mgc-a\"><a class=\"x-anchor x-anchor-button has-graphic has-particle e588-e24 mgc-c\" tabindex=\"0\" href=\"\/municipal\/\"><span class=\"x-particle is-primary\" data-x-particle=\"scale-x_y overlap-c_c\" aria-hidden=\"true\"><span style=\"\"><\/span><\/span><div class=\"x-anchor-content\"><span class=\"x-graphic\" aria-hidden=\"true\"><span class=\"x-image x-graphic-child x-graphic-image x-graphic-primary\"><img decoding=\"async\" src=\"https:\/\/generatricedrummond.com\/wp-content\/uploads\/2021\/04\/marches_municipal_400px.jpg\" width=\"400\" height=\"267\" alt=\"Image\" loading=\"lazy\"><\/span><\/span><div class=\"x-anchor-text\"><span class=\"x-anchor-text-primary\">MUNICIPALities<\/span><\/div><\/div><\/a><\/div><div class=\"x-col e588-e25 mgc-9 mgc-a\"><a class=\"x-anchor x-anchor-button has-graphic has-particle e588-e26 mgc-c\" tabindex=\"0\" href=\"\/residentiel\/\"><span class=\"x-particle is-primary\" data-x-particle=\"scale-x_y overlap-c_c\" aria-hidden=\"true\"><span style=\"\"><\/span><\/span><div class=\"x-anchor-content\"><span class=\"x-graphic\" aria-hidden=\"true\"><span class=\"x-image x-graphic-child x-graphic-image x-graphic-primary\"><img decoding=\"async\" src=\"https:\/\/generatricedrummond.com\/wp-content\/uploads\/2021\/04\/marches_residentiel_400px.jpg\" width=\"400\" height=\"267\" alt=\"Image\" loading=\"lazy\"><\/span><\/span><div class=\"x-anchor-text\"><span class=\"x-anchor-text-primary\">ReSIDENTIaL<\/span><\/div><\/div><\/a><\/div><\/div><\/div><\/div><\/div><\/div><\/div><\/div><\/div><\/div>\n","protected":false},"excerpt":{"rendered":"<p>DATA CENTRE An answer to your needs 1 800 567-3835 DATA CENTREPowering the Information AgeG\u00e9n\u00e9ratrice Drummond is a trusted name for data centre power up. We have the necessary power to keep your operation running smoothly while mitigating energy fluctuations. Not only can you feel confident hosting client data, but our sound-proofed shelters help to comply with noise regulations, allowing &#8230; <\/p>\n<div><a href=\"https:\/\/generatricedrummond.com\/en\/data-centre\/\" class=\"more-link\">Read More<\/a><\/div>\n","protected":false},"author":1,"featured_media":0,"parent":0,"menu_order":0,"comment_status":"closed","ping_status":"closed","template":"template-blank-4.php","meta":{"footnotes":""},"class_list":["post-598","page","type-page","status-publish","hentry","no-post-thumbnail"],"yoast_head":"<!-- This site is optimized with the Yoast SEO plugin v26.8 - https:\/\/yoast.com\/product\/yoast-seo-wordpress\/ -->\n<title>Data Centre - G\u00e9n\u00e9ratrice Drummond - Votre fournisseur de solutions compl\u00e8tes pour les syst\u00e8mes \u00e9nerg\u00e9tiques<\/title>\n<meta name=\"robots\" content=\"index, follow, max-snippet:-1, max-image-preview:large, max-video-preview:-1\" \/>\n<link rel=\"canonical\" href=\"https:\/\/generatricedrummond.com\/en\/data-centre\/\" \/>\n<meta property=\"og:locale\" content=\"en_US\" \/>\n<meta property=\"og:type\" content=\"article\" \/>\n<meta property=\"og:title\" content=\"Data Centre - G\u00e9n\u00e9ratrice Drummond - Votre fournisseur de solutions compl\u00e8tes pour les syst\u00e8mes \u00e9nerg\u00e9tiques\" \/>\n<meta property=\"og:description\" content=\"DATA CENTRE An answer to your needs 1 800 567-3835 DATA CENTREPowering the Information AgeG\u00e9n\u00e9ratrice Drummond is a trusted name for data centre power up. We have the necessary power to keep your operation running smoothly while mitigating energy fluctuations. Not only can you feel confident hosting client data, but our sound-proofed shelters help to comply with noise regulations, allowing ... Read More\" \/>\n<meta property=\"og:url\" content=\"https:\/\/generatricedrummond.com\/en\/data-centre\/\" \/>\n<meta property=\"og:site_name\" content=\"G\u00e9n\u00e9ratrice Drummond - Votre fournisseur de solutions compl\u00e8tes pour les syst\u00e8mes \u00e9nerg\u00e9tiques\" \/>\n<meta property=\"article:modified_time\" content=\"2024-10-29T14:33:08+00:00\" \/>\n<meta name=\"twitter:card\" content=\"summary_large_image\" \/>\n<meta name=\"twitter:label1\" content=\"Est. reading time\" \/>\n\t<meta name=\"twitter:data1\" content=\"2 minutes\" \/>\n<script type=\"application\/ld+json\" class=\"yoast-schema-graph\">{\"@context\":\"https:\/\/schema.org\",\"@graph\":[{\"@type\":\"WebPage\",\"@id\":\"https:\/\/generatricedrummond.com\/en\/data-centre\/\",\"url\":\"https:\/\/generatricedrummond.com\/en\/data-centre\/\",\"name\":\"Data Centre - G\u00e9n\u00e9ratrice Drummond - Votre fournisseur de solutions compl\u00e8tes pour les syst\u00e8mes \u00e9nerg\u00e9tiques\",\"isPartOf\":{\"@id\":\"https:\/\/generatricedrummond.com\/#website\"},\"datePublished\":\"2021-04-16T18:58:22+00:00\",\"dateModified\":\"2024-10-29T14:33:08+00:00\",\"breadcrumb\":{\"@id\":\"https:\/\/generatricedrummond.com\/en\/data-centre\/#breadcrumb\"},\"inLanguage\":\"en-US\",\"potentialAction\":[{\"@type\":\"ReadAction\",\"target\":[\"https:\/\/generatricedrummond.com\/en\/data-centre\/\"]}]},{\"@type\":\"BreadcrumbList\",\"@id\":\"https:\/\/generatricedrummond.com\/en\/data-centre\/#breadcrumb\",\"itemListElement\":[{\"@type\":\"ListItem\",\"position\":1,\"name\":\"Accueil\",\"item\":\"https:\/\/generatricedrummond.com\/en\/home\/\"},{\"@type\":\"ListItem\",\"position\":2,\"name\":\"Data Centre\"}]},{\"@type\":\"WebSite\",\"@id\":\"https:\/\/generatricedrummond.com\/#website\",\"url\":\"https:\/\/generatricedrummond.com\/\",\"name\":\"G\u00e9n\u00e9ratrice Drummond - Votre fournisseur de solutions compl\u00e8tes pour les syst\u00e8mes \u00e9nerg\u00e9tiques\",\"description\":\"Distributeur et fabricant de g\u00e9n\u00e9ratrice\",\"potentialAction\":[{\"@type\":\"SearchAction\",\"target\":{\"@type\":\"EntryPoint\",\"urlTemplate\":\"https:\/\/generatricedrummond.com\/?s={search_term_string}\"},\"query-input\":{\"@type\":\"PropertyValueSpecification\",\"valueRequired\":true,\"valueName\":\"search_term_string\"}}],\"inLanguage\":\"en-US\"}]}<\/script>\n<!-- \/ Yoast SEO plugin. -->","yoast_head_json":{"title":"Data Centre - G\u00e9n\u00e9ratrice Drummond - Votre fournisseur de solutions compl\u00e8tes pour les syst\u00e8mes \u00e9nerg\u00e9tiques","robots":{"index":"index","follow":"follow","max-snippet":"max-snippet:-1","max-image-preview":"max-image-preview:large","max-video-preview":"max-video-preview:-1"},"canonical":"https:\/\/generatricedrummond.com\/en\/data-centre\/","og_locale":"en_US","og_type":"article","og_title":"Data Centre - G\u00e9n\u00e9ratrice Drummond - Votre fournisseur de solutions compl\u00e8tes pour les syst\u00e8mes \u00e9nerg\u00e9tiques","og_description":"DATA CENTRE An answer to your needs 1 800 567-3835 DATA CENTREPowering the Information AgeG\u00e9n\u00e9ratrice Drummond is a trusted name for data centre power up. We have the necessary power to keep your operation running smoothly while mitigating energy fluctuations. Not only can you feel confident hosting client data, but our sound-proofed shelters help to comply with noise regulations, allowing ... Read More","og_url":"https:\/\/generatricedrummond.com\/en\/data-centre\/","og_site_name":"G\u00e9n\u00e9ratrice Drummond - Votre fournisseur de solutions compl\u00e8tes pour les syst\u00e8mes \u00e9nerg\u00e9tiques","article_modified_time":"2024-10-29T14:33:08+00:00","twitter_card":"summary_large_image","twitter_misc":{"Est. reading time":"2 minutes"},"schema":{"@context":"https:\/\/schema.org","@graph":[{"@type":"WebPage","@id":"https:\/\/generatricedrummond.com\/en\/data-centre\/","url":"https:\/\/generatricedrummond.com\/en\/data-centre\/","name":"Data Centre - G\u00e9n\u00e9ratrice Drummond - Votre fournisseur de solutions compl\u00e8tes pour les syst\u00e8mes \u00e9nerg\u00e9tiques","isPartOf":{"@id":"https:\/\/generatricedrummond.com\/#website"},"datePublished":"2021-04-16T18:58:22+00:00","dateModified":"2024-10-29T14:33:08+00:00","breadcrumb":{"@id":"https:\/\/generatricedrummond.com\/en\/data-centre\/#breadcrumb"},"inLanguage":"en-US","potentialAction":[{"@type":"ReadAction","target":["https:\/\/generatricedrummond.com\/en\/data-centre\/"]}]},{"@type":"BreadcrumbList","@id":"https:\/\/generatricedrummond.com\/en\/data-centre\/#breadcrumb","itemListElement":[{"@type":"ListItem","position":1,"name":"Accueil","item":"https:\/\/generatricedrummond.com\/en\/home\/"},{"@type":"ListItem","position":2,"name":"Data Centre"}]},{"@type":"WebSite","@id":"https:\/\/generatricedrummond.com\/#website","url":"https:\/\/generatricedrummond.com\/","name":"G\u00e9n\u00e9ratrice Drummond - Votre fournisseur de solutions compl\u00e8tes pour les syst\u00e8mes \u00e9nerg\u00e9tiques","description":"Distributeur et fabricant de g\u00e9n\u00e9ratrice","potentialAction":[{"@type":"SearchAction","target":{"@type":"EntryPoint","urlTemplate":"https:\/\/generatricedrummond.com\/?s={search_term_string}"},"query-input":{"@type":"PropertyValueSpecification","valueRequired":true,"valueName":"search_term_string"}}],"inLanguage":"en-US"}]}},"_links":{"self":[{"href":"https:\/\/generatricedrummond.com\/en\/wp-json\/wp\/v2\/pages\/598","targetHints":{"allow":["GET"]}}],"collection":[{"href":"https:\/\/generatricedrummond.com\/en\/wp-json\/wp\/v2\/pages"}],"about":[{"href":"https:\/\/generatricedrummond.com\/en\/wp-json\/wp\/v2\/types\/page"}],"author":[{"embeddable":true,"href":"https:\/\/generatricedrummond.com\/en\/wp-json\/wp\/v2\/users\/1"}],"replies":[{"embeddable":true,"href":"https:\/\/generatricedrummond.com\/en\/wp-json\/wp\/v2\/comments?post=598"}],"version-history":[{"count":5,"href":"https:\/\/generatricedrummond.com\/en\/wp-json\/wp\/v2\/pages\/598\/revisions"}],"predecessor-version":[{"id":5973,"href":"https:\/\/generatricedrummond.com\/en\/wp-json\/wp\/v2\/pages\/598\/revisions\/5973"}],"wp:attachment":[{"href":"https:\/\/generatricedrummond.com\/en\/wp-json\/wp\/v2\/media?parent=598"}],"curies":[{"name":"wp","href":"https:\/\/api.w.org\/{rel}","templated":true}]}}