{"id":548,"date":"2021-04-01T16:16:23","date_gmt":"2021-04-01T20:16:23","guid":{"rendered":"https:\/\/generatricedrummond.com.productionspolar.com\/commutateurs-de-transfert\/"},"modified":"2021-06-08T13:38:45","modified_gmt":"2021-06-08T17:38:45","slug":"transfer-switches","status":"publish","type":"page","link":"https:\/\/generatricedrummond.com\/en\/transfer-switches\/","title":{"rendered":"Transfer Switches"},"content":{"rendered":"<div id=\"cs-content\" class=\"cs-content\"><\/div>\n","protected":false},"excerpt":{"rendered":"<p>Transfer Switches An answer to your needs 1 800 567-3835 Our Transfer SwitchesTransfer switches are used to automatically and smoothly shift to standby power supplied by a generator set. We sell only reliable, quality transfer switches from trusted brands that are approved by the Canadian Standards Association (CSA). If you need help choosing the most appropriate system for your transfer &#8230; <\/p>\n<div><a href=\"https:\/\/generatricedrummond.com\/en\/transfer-switches\/\" class=\"more-link\">Read More<\/a><\/div>\n","protected":false},"author":1,"featured_media":0,"parent":0,"menu_order":0,"comment_status":"closed","ping_status":"closed","template":"template-blank-4.php","meta":{"footnotes":""},"class_list":["post-548","page","type-page","status-publish","hentry","no-post-thumbnail"],"yoast_head":"<!-- This site is optimized with the Yoast SEO plugin v26.8 - https:\/\/yoast.com\/product\/yoast-seo-wordpress\/ -->\n<title>Transfer Switches - G\u00e9n\u00e9ratrice Drummond - Votre fournisseur de solutions compl\u00e8tes pour les syst\u00e8mes \u00e9nerg\u00e9tiques<\/title>\n<meta name=\"robots\" content=\"index, follow, max-snippet:-1, max-image-preview:large, max-video-preview:-1\" \/>\n<link rel=\"canonical\" href=\"https:\/\/generatricedrummond.com\/en\/transfer-switches\/\" \/>\n<meta property=\"og:locale\" content=\"en_US\" \/>\n<meta property=\"og:type\" content=\"article\" \/>\n<meta property=\"og:title\" content=\"Transfer Switches - G\u00e9n\u00e9ratrice Drummond - Votre fournisseur de solutions compl\u00e8tes pour les syst\u00e8mes \u00e9nerg\u00e9tiques\" \/>\n<meta property=\"og:description\" content=\"Transfer Switches An answer to your needs 1 800 567-3835 Our Transfer SwitchesTransfer switches are used to automatically and smoothly shift to standby power supplied by a generator set. We sell only reliable, quality transfer switches from trusted brands that are approved by the Canadian Standards Association (CSA). If you need help choosing the most appropriate system for your transfer ... Read More\" \/>\n<meta property=\"og:url\" content=\"https:\/\/generatricedrummond.com\/en\/transfer-switches\/\" \/>\n<meta property=\"og:site_name\" content=\"G\u00e9n\u00e9ratrice Drummond - Votre fournisseur de solutions compl\u00e8tes pour les syst\u00e8mes \u00e9nerg\u00e9tiques\" \/>\n<meta property=\"article:modified_time\" content=\"2021-06-08T17:38:45+00:00\" \/>\n<meta property=\"og:image\" content=\"https:\/\/generatricedrummond.com.productionspolar.com\/wp-content\/uploads\/2021\/04\/image-2.png\" \/>\n<meta name=\"twitter:card\" content=\"summary_large_image\" \/>\n<meta name=\"twitter:label1\" content=\"Est. reading time\" \/>\n\t<meta name=\"twitter:data1\" content=\"1 minute\" \/>\n<script type=\"application\/ld+json\" class=\"yoast-schema-graph\">{\"@context\":\"https:\/\/schema.org\",\"@graph\":[{\"@type\":\"WebPage\",\"@id\":\"https:\/\/generatricedrummond.com\/en\/transfer-switches\/\",\"url\":\"https:\/\/generatricedrummond.com\/en\/transfer-switches\/\",\"name\":\"Transfer Switches - G\u00e9n\u00e9ratrice Drummond - Votre fournisseur de solutions compl\u00e8tes pour les syst\u00e8mes \u00e9nerg\u00e9tiques\",\"isPartOf\":{\"@id\":\"https:\/\/generatricedrummond.com\/#website\"},\"primaryImageOfPage\":{\"@id\":\"https:\/\/generatricedrummond.com\/en\/transfer-switches\/#primaryimage\"},\"image\":{\"@id\":\"https:\/\/generatricedrummond.com\/en\/transfer-switches\/#primaryimage\"},\"thumbnailUrl\":\"https:\/\/generatricedrummond.com.productionspolar.com\/wp-content\/uploads\/2021\/04\/image-2.png\",\"datePublished\":\"2021-04-01T20:16:23+00:00\",\"dateModified\":\"2021-06-08T17:38:45+00:00\",\"breadcrumb\":{\"@id\":\"https:\/\/generatricedrummond.com\/en\/transfer-switches\/#breadcrumb\"},\"inLanguage\":\"en-US\",\"potentialAction\":[{\"@type\":\"ReadAction\",\"target\":[\"https:\/\/generatricedrummond.com\/en\/transfer-switches\/\"]}]},{\"@type\":\"ImageObject\",\"inLanguage\":\"en-US\",\"@id\":\"https:\/\/generatricedrummond.com\/en\/transfer-switches\/#primaryimage\",\"url\":\"https:\/\/generatricedrummond.com.productionspolar.com\/wp-content\/uploads\/2021\/04\/image-2.png\",\"contentUrl\":\"https:\/\/generatricedrummond.com.productionspolar.com\/wp-content\/uploads\/2021\/04\/image-2.png\"},{\"@type\":\"BreadcrumbList\",\"@id\":\"https:\/\/generatricedrummond.com\/en\/transfer-switches\/#breadcrumb\",\"itemListElement\":[{\"@type\":\"ListItem\",\"position\":1,\"name\":\"Accueil\",\"item\":\"https:\/\/generatricedrummond.com\/en\/home\/\"},{\"@type\":\"ListItem\",\"position\":2,\"name\":\"Transfer Switches\"}]},{\"@type\":\"WebSite\",\"@id\":\"https:\/\/generatricedrummond.com\/#website\",\"url\":\"https:\/\/generatricedrummond.com\/\",\"name\":\"G\u00e9n\u00e9ratrice Drummond - Votre fournisseur de solutions compl\u00e8tes pour les syst\u00e8mes \u00e9nerg\u00e9tiques\",\"description\":\"Distributeur et fabricant de g\u00e9n\u00e9ratrice\",\"potentialAction\":[{\"@type\":\"SearchAction\",\"target\":{\"@type\":\"EntryPoint\",\"urlTemplate\":\"https:\/\/generatricedrummond.com\/?s={search_term_string}\"},\"query-input\":{\"@type\":\"PropertyValueSpecification\",\"valueRequired\":true,\"valueName\":\"search_term_string\"}}],\"inLanguage\":\"en-US\"}]}<\/script>\n<!-- \/ Yoast SEO plugin. -->","yoast_head_json":{"title":"Transfer Switches - G\u00e9n\u00e9ratrice Drummond - Votre fournisseur de solutions compl\u00e8tes pour les syst\u00e8mes \u00e9nerg\u00e9tiques","robots":{"index":"index","follow":"follow","max-snippet":"max-snippet:-1","max-image-preview":"max-image-preview:large","max-video-preview":"max-video-preview:-1"},"canonical":"https:\/\/generatricedrummond.com\/en\/transfer-switches\/","og_locale":"en_US","og_type":"article","og_title":"Transfer Switches - G\u00e9n\u00e9ratrice Drummond - Votre fournisseur de solutions compl\u00e8tes pour les syst\u00e8mes \u00e9nerg\u00e9tiques","og_description":"Transfer Switches An answer to your needs 1 800 567-3835 Our Transfer SwitchesTransfer switches are used to automatically and smoothly shift to standby power supplied by a generator set. We sell only reliable, quality transfer switches from trusted brands that are approved by the Canadian Standards Association (CSA). If you need help choosing the most appropriate system for your transfer ... Read More","og_url":"https:\/\/generatricedrummond.com\/en\/transfer-switches\/","og_site_name":"G\u00e9n\u00e9ratrice Drummond - Votre fournisseur de solutions compl\u00e8tes pour les syst\u00e8mes \u00e9nerg\u00e9tiques","article_modified_time":"2021-06-08T17:38:45+00:00","og_image":[{"url":"https:\/\/generatricedrummond.com.productionspolar.com\/wp-content\/uploads\/2021\/04\/image-2.png","type":"","width":"","height":""}],"twitter_card":"summary_large_image","twitter_misc":{"Est. reading time":"1 minute"},"schema":{"@context":"https:\/\/schema.org","@graph":[{"@type":"WebPage","@id":"https:\/\/generatricedrummond.com\/en\/transfer-switches\/","url":"https:\/\/generatricedrummond.com\/en\/transfer-switches\/","name":"Transfer Switches - G\u00e9n\u00e9ratrice Drummond - Votre fournisseur de solutions compl\u00e8tes pour les syst\u00e8mes \u00e9nerg\u00e9tiques","isPartOf":{"@id":"https:\/\/generatricedrummond.com\/#website"},"primaryImageOfPage":{"@id":"https:\/\/generatricedrummond.com\/en\/transfer-switches\/#primaryimage"},"image":{"@id":"https:\/\/generatricedrummond.com\/en\/transfer-switches\/#primaryimage"},"thumbnailUrl":"https:\/\/generatricedrummond.com.productionspolar.com\/wp-content\/uploads\/2021\/04\/image-2.png","datePublished":"2021-04-01T20:16:23+00:00","dateModified":"2021-06-08T17:38:45+00:00","breadcrumb":{"@id":"https:\/\/generatricedrummond.com\/en\/transfer-switches\/#breadcrumb"},"inLanguage":"en-US","potentialAction":[{"@type":"ReadAction","target":["https:\/\/generatricedrummond.com\/en\/transfer-switches\/"]}]},{"@type":"ImageObject","inLanguage":"en-US","@id":"https:\/\/generatricedrummond.com\/en\/transfer-switches\/#primaryimage","url":"https:\/\/generatricedrummond.com.productionspolar.com\/wp-content\/uploads\/2021\/04\/image-2.png","contentUrl":"https:\/\/generatricedrummond.com.productionspolar.com\/wp-content\/uploads\/2021\/04\/image-2.png"},{"@type":"BreadcrumbList","@id":"https:\/\/generatricedrummond.com\/en\/transfer-switches\/#breadcrumb","itemListElement":[{"@type":"ListItem","position":1,"name":"Accueil","item":"https:\/\/generatricedrummond.com\/en\/home\/"},{"@type":"ListItem","position":2,"name":"Transfer Switches"}]},{"@type":"WebSite","@id":"https:\/\/generatricedrummond.com\/#website","url":"https:\/\/generatricedrummond.com\/","name":"G\u00e9n\u00e9ratrice Drummond - Votre fournisseur de solutions compl\u00e8tes pour les syst\u00e8mes \u00e9nerg\u00e9tiques","description":"Distributeur et fabricant de g\u00e9n\u00e9ratrice","potentialAction":[{"@type":"SearchAction","target":{"@type":"EntryPoint","urlTemplate":"https:\/\/generatricedrummond.com\/?s={search_term_string}"},"query-input":{"@type":"PropertyValueSpecification","valueRequired":true,"valueName":"search_term_string"}}],"inLanguage":"en-US"}]}},"_links":{"self":[{"href":"https:\/\/generatricedrummond.com\/en\/wp-json\/wp\/v2\/pages\/548","targetHints":{"allow":["GET"]}}],"collection":[{"href":"https:\/\/generatricedrummond.com\/en\/wp-json\/wp\/v2\/pages"}],"about":[{"href":"https:\/\/generatricedrummond.com\/en\/wp-json\/wp\/v2\/types\/page"}],"author":[{"embeddable":true,"href":"https:\/\/generatricedrummond.com\/en\/wp-json\/wp\/v2\/users\/1"}],"replies":[{"embeddable":true,"href":"https:\/\/generatricedrummond.com\/en\/wp-json\/wp\/v2\/comments?post=548"}],"version-history":[{"count":4,"href":"https:\/\/generatricedrummond.com\/en\/wp-json\/wp\/v2\/pages\/548\/revisions"}],"predecessor-version":[{"id":552,"href":"https:\/\/generatricedrummond.com\/en\/wp-json\/wp\/v2\/pages\/548\/revisions\/552"}],"wp:attachment":[{"href":"https:\/\/generatricedrummond.com\/en\/wp-json\/wp\/v2\/media?parent=548"}],"curies":[{"name":"wp","href":"https:\/\/api.w.org\/{rel}","templated":true}]}}