{"id":540,"date":"2021-04-14T13:46:33","date_gmt":"2021-04-14T17:46:33","guid":{"rendered":"https:\/\/generatricedrummond.com.productionspolar.com\/abris-insonorises\/"},"modified":"2021-06-22T09:19:24","modified_gmt":"2021-06-22T13:19:24","slug":"soundproof-shelter","status":"publish","type":"page","link":"https:\/\/generatricedrummond.com\/en\/soundproof-shelter\/","title":{"rendered":"Soundproof Shelter"},"content":{"rendered":"<div id=\"cs-content\" class=\"cs-content\"><\/div>\n","protected":false},"excerpt":{"rendered":"<p>SOUNDPROOF SHELTER An answer to your needs 1 800 567-3835 SOUNDPROOF SHELTERSilenGen Soundproofed Shelters G&eacute;n&eacute;ratrice Drummond manufactures customized SilenGen soundproofed shelters in compliance with the standards of the Canadian Standards Association (CSA). The unique design of these shelters allows the reduction of noise levels to 55 dBA. Consequently, it is possible to install diesel engine generators in areas where regulations &#8230; <\/p>\n<div><a href=\"https:\/\/generatricedrummond.com\/en\/soundproof-shelter\/\" class=\"more-link\">Read More<\/a><\/div>\n","protected":false},"author":1,"featured_media":0,"parent":0,"menu_order":0,"comment_status":"closed","ping_status":"closed","template":"template-blank-4.php","meta":{"footnotes":""},"class_list":["post-540","page","type-page","status-publish","hentry","no-post-thumbnail"],"yoast_head":"<!-- This site is optimized with the Yoast SEO plugin v26.8 - https:\/\/yoast.com\/product\/yoast-seo-wordpress\/ -->\n<title>Soundproof Shelter - G\u00e9n\u00e9ratrice Drummond - Votre fournisseur de solutions compl\u00e8tes pour les syst\u00e8mes \u00e9nerg\u00e9tiques<\/title>\n<meta name=\"robots\" content=\"index, follow, max-snippet:-1, max-image-preview:large, max-video-preview:-1\" \/>\n<link rel=\"canonical\" href=\"https:\/\/generatricedrummond.com\/en\/soundproof-shelter\/\" \/>\n<meta property=\"og:locale\" content=\"en_US\" \/>\n<meta property=\"og:type\" content=\"article\" \/>\n<meta property=\"og:title\" content=\"Soundproof Shelter - G\u00e9n\u00e9ratrice Drummond - Votre fournisseur de solutions compl\u00e8tes pour les syst\u00e8mes \u00e9nerg\u00e9tiques\" \/>\n<meta property=\"og:description\" content=\"SOUNDPROOF SHELTER An answer to your needs 1 800 567-3835 SOUNDPROOF SHELTERSilenGen Soundproofed Shelters G&eacute;n&eacute;ratrice Drummond manufactures customized SilenGen soundproofed shelters in compliance with the standards of the Canadian Standards Association (CSA). The unique design of these shelters allows the reduction of noise levels to 55 dBA. Consequently, it is possible to install diesel engine generators in areas where regulations ... Read More\" \/>\n<meta property=\"og:url\" content=\"https:\/\/generatricedrummond.com\/en\/soundproof-shelter\/\" \/>\n<meta property=\"og:site_name\" content=\"G\u00e9n\u00e9ratrice Drummond - Votre fournisseur de solutions compl\u00e8tes pour les syst\u00e8mes \u00e9nerg\u00e9tiques\" \/>\n<meta property=\"article:modified_time\" content=\"2021-06-22T13:19:24+00:00\" \/>\n<meta name=\"twitter:card\" content=\"summary_large_image\" \/>\n<meta name=\"twitter:label1\" content=\"Est. reading time\" \/>\n\t<meta name=\"twitter:data1\" content=\"3 minutes\" \/>\n<script type=\"application\/ld+json\" class=\"yoast-schema-graph\">{\"@context\":\"https:\/\/schema.org\",\"@graph\":[{\"@type\":\"WebPage\",\"@id\":\"https:\/\/generatricedrummond.com\/en\/soundproof-shelter\/\",\"url\":\"https:\/\/generatricedrummond.com\/en\/soundproof-shelter\/\",\"name\":\"Soundproof Shelter - G\u00e9n\u00e9ratrice Drummond - Votre fournisseur de solutions compl\u00e8tes pour les syst\u00e8mes \u00e9nerg\u00e9tiques\",\"isPartOf\":{\"@id\":\"https:\/\/generatricedrummond.com\/#website\"},\"datePublished\":\"2021-04-14T17:46:33+00:00\",\"dateModified\":\"2021-06-22T13:19:24+00:00\",\"breadcrumb\":{\"@id\":\"https:\/\/generatricedrummond.com\/en\/soundproof-shelter\/#breadcrumb\"},\"inLanguage\":\"en-US\",\"potentialAction\":[{\"@type\":\"ReadAction\",\"target\":[\"https:\/\/generatricedrummond.com\/en\/soundproof-shelter\/\"]}]},{\"@type\":\"BreadcrumbList\",\"@id\":\"https:\/\/generatricedrummond.com\/en\/soundproof-shelter\/#breadcrumb\",\"itemListElement\":[{\"@type\":\"ListItem\",\"position\":1,\"name\":\"Accueil\",\"item\":\"https:\/\/generatricedrummond.com\/en\/home\/\"},{\"@type\":\"ListItem\",\"position\":2,\"name\":\"Soundproof Shelter\"}]},{\"@type\":\"WebSite\",\"@id\":\"https:\/\/generatricedrummond.com\/#website\",\"url\":\"https:\/\/generatricedrummond.com\/\",\"name\":\"G\u00e9n\u00e9ratrice Drummond - Votre fournisseur de solutions compl\u00e8tes pour les syst\u00e8mes \u00e9nerg\u00e9tiques\",\"description\":\"Distributeur et fabricant de g\u00e9n\u00e9ratrice\",\"potentialAction\":[{\"@type\":\"SearchAction\",\"target\":{\"@type\":\"EntryPoint\",\"urlTemplate\":\"https:\/\/generatricedrummond.com\/?s={search_term_string}\"},\"query-input\":{\"@type\":\"PropertyValueSpecification\",\"valueRequired\":true,\"valueName\":\"search_term_string\"}}],\"inLanguage\":\"en-US\"}]}<\/script>\n<!-- \/ Yoast SEO plugin. -->","yoast_head_json":{"title":"Soundproof Shelter - G\u00e9n\u00e9ratrice Drummond - Votre fournisseur de solutions compl\u00e8tes pour les syst\u00e8mes \u00e9nerg\u00e9tiques","robots":{"index":"index","follow":"follow","max-snippet":"max-snippet:-1","max-image-preview":"max-image-preview:large","max-video-preview":"max-video-preview:-1"},"canonical":"https:\/\/generatricedrummond.com\/en\/soundproof-shelter\/","og_locale":"en_US","og_type":"article","og_title":"Soundproof Shelter - G\u00e9n\u00e9ratrice Drummond - Votre fournisseur de solutions compl\u00e8tes pour les syst\u00e8mes \u00e9nerg\u00e9tiques","og_description":"SOUNDPROOF SHELTER An answer to your needs 1 800 567-3835 SOUNDPROOF SHELTERSilenGen Soundproofed Shelters G&eacute;n&eacute;ratrice Drummond manufactures customized SilenGen soundproofed shelters in compliance with the standards of the Canadian Standards Association (CSA). The unique design of these shelters allows the reduction of noise levels to 55 dBA. Consequently, it is possible to install diesel engine generators in areas where regulations ... Read More","og_url":"https:\/\/generatricedrummond.com\/en\/soundproof-shelter\/","og_site_name":"G\u00e9n\u00e9ratrice Drummond - Votre fournisseur de solutions compl\u00e8tes pour les syst\u00e8mes \u00e9nerg\u00e9tiques","article_modified_time":"2021-06-22T13:19:24+00:00","twitter_card":"summary_large_image","twitter_misc":{"Est. reading time":"3 minutes"},"schema":{"@context":"https:\/\/schema.org","@graph":[{"@type":"WebPage","@id":"https:\/\/generatricedrummond.com\/en\/soundproof-shelter\/","url":"https:\/\/generatricedrummond.com\/en\/soundproof-shelter\/","name":"Soundproof Shelter - G\u00e9n\u00e9ratrice Drummond - Votre fournisseur de solutions compl\u00e8tes pour les syst\u00e8mes \u00e9nerg\u00e9tiques","isPartOf":{"@id":"https:\/\/generatricedrummond.com\/#website"},"datePublished":"2021-04-14T17:46:33+00:00","dateModified":"2021-06-22T13:19:24+00:00","breadcrumb":{"@id":"https:\/\/generatricedrummond.com\/en\/soundproof-shelter\/#breadcrumb"},"inLanguage":"en-US","potentialAction":[{"@type":"ReadAction","target":["https:\/\/generatricedrummond.com\/en\/soundproof-shelter\/"]}]},{"@type":"BreadcrumbList","@id":"https:\/\/generatricedrummond.com\/en\/soundproof-shelter\/#breadcrumb","itemListElement":[{"@type":"ListItem","position":1,"name":"Accueil","item":"https:\/\/generatricedrummond.com\/en\/home\/"},{"@type":"ListItem","position":2,"name":"Soundproof Shelter"}]},{"@type":"WebSite","@id":"https:\/\/generatricedrummond.com\/#website","url":"https:\/\/generatricedrummond.com\/","name":"G\u00e9n\u00e9ratrice Drummond - Votre fournisseur de solutions compl\u00e8tes pour les syst\u00e8mes \u00e9nerg\u00e9tiques","description":"Distributeur et fabricant de g\u00e9n\u00e9ratrice","potentialAction":[{"@type":"SearchAction","target":{"@type":"EntryPoint","urlTemplate":"https:\/\/generatricedrummond.com\/?s={search_term_string}"},"query-input":{"@type":"PropertyValueSpecification","valueRequired":true,"valueName":"search_term_string"}}],"inLanguage":"en-US"}]}},"_links":{"self":[{"href":"https:\/\/generatricedrummond.com\/en\/wp-json\/wp\/v2\/pages\/540","targetHints":{"allow":["GET"]}}],"collection":[{"href":"https:\/\/generatricedrummond.com\/en\/wp-json\/wp\/v2\/pages"}],"about":[{"href":"https:\/\/generatricedrummond.com\/en\/wp-json\/wp\/v2\/types\/page"}],"author":[{"embeddable":true,"href":"https:\/\/generatricedrummond.com\/en\/wp-json\/wp\/v2\/users\/1"}],"replies":[{"embeddable":true,"href":"https:\/\/generatricedrummond.com\/en\/wp-json\/wp\/v2\/comments?post=540"}],"version-history":[{"count":6,"href":"https:\/\/generatricedrummond.com\/en\/wp-json\/wp\/v2\/pages\/540\/revisions"}],"predecessor-version":[{"id":547,"href":"https:\/\/generatricedrummond.com\/en\/wp-json\/wp\/v2\/pages\/540\/revisions\/547"}],"wp:attachment":[{"href":"https:\/\/generatricedrummond.com\/en\/wp-json\/wp\/v2\/media?parent=540"}],"curies":[{"name":"wp","href":"https:\/\/api.w.org\/{rel}","templated":true}]}}