{"id":490,"date":"2021-03-15T17:04:00","date_gmt":"2021-03-15T21:04:00","guid":{"rendered":"https:\/\/generatricedrummond.com.productionspolar.com\/accueil\/"},"modified":"2024-10-29T09:46:29","modified_gmt":"2024-10-29T13:46:29","slug":"home","status":"publish","type":"page","link":"https:\/\/generatricedrummond.com\/en\/","title":{"rendered":"home"},"content":{"rendered":"<div id=\"cs-content\" class=\"cs-content\"><div id=\"x-section-1\" class=\"x-section\" style=\"margin: 0px;padding: 0px 0 0; background-color: transparent;\" ><div id=\"\" class=\"x-container\" style=\"margin: 0px auto;padding: 0px;\" ><div  class=\"x-column x-sm x-1-1\" style=\"padding: 0px;\" >\n\t\t\t<!-- START Accueil_ENG REVOLUTION SLIDER 6.7.25 --><p class=\"rs-p-wp-fix\"><\/p>\n\t\t\t<rs-module-wrap id=\"rev_slider_24_1_wrapper\" data-source=\"gallery\" style=\"visibility:hidden;background:transparent;padding:0;margin:0px auto;margin-top:0;margin-bottom:0;\">\n\t\t\t\t<rs-module id=\"rev_slider_24_1\" style=\"\" data-version=\"6.7.25\">\n\t\t\t\t\t<rs-slides style=\"overflow: hidden; position: absolute;\">\n\t\t\t\t\t\t<rs-slide style=\"position: absolute;\" data-key=\"rs-24\" data-title=\"Slide\" data-anim=\"adpr:false;\" data-in=\"o:0;\" data-out=\"a:false;\">\n\t\t\t\t\t\t\t<img decoding=\"async\" src=\"\/\/generatricedrummond.com\/wp-content\/plugins\/revslider\/sr6\/assets\/assets\/dummy.png\" alt=\"\" title=\"Generatrice_Drummond_slider1\" width=\"2000\" height=\"1333\" class=\"rev-slidebg tp-rs-img rs-lazyload\" data-lazyload=\"\/\/generatricedrummond.com\/wp-content\/uploads\/2021\/03\/Generatrice_Drummond_slider1.jpg\" data-bg=\"p:left center;\" data-no-retina>\n<!--\n\t\t\t\t\t\t\t--><rs-layer\n\t\t\t\t\t\t\t\tid=\"slider-24-slide-24-layer-0\" \n\t\t\t\t\t\t\t\tdata-type=\"shape\"\n\t\t\t\t\t\t\t\tdata-rsp_ch=\"on\"\n\t\t\t\t\t\t\t\tdata-xy=\"x:r;y:b;\"\n\t\t\t\t\t\t\t\tdata-text=\"w:normal;\"\n\t\t\t\t\t\t\t\tdata-dim=\"w:536px;h:234px;\"\n\t\t\t\t\t\t\t\tdata-frame_999=\"o:0;st:w;\"\n\t\t\t\t\t\t\t\tstyle=\"z-index:5;background-color:rgba(6,53,122,0.5);\"\n\t\t\t\t\t\t\t> \n\t\t\t\t\t\t\t<\/rs-layer><!--\n\n\t\t\t\t\t\t\t--><rs-layer\n\t\t\t\t\t\t\t\tid=\"slider-24-slide-24-layer-1\" \n\t\t\t\t\t\t\t\tdata-type=\"text\"\n\t\t\t\t\t\t\t\tdata-color=\"#ffffff\"\n\t\t\t\t\t\t\t\tdata-rsp_ch=\"on\"\n\t\t\t\t\t\t\t\tdata-xy=\"x:730px;y:394px;\"\n\t\t\t\t\t\t\t\tdata-text=\"w:normal;s:37;l:40;fw:600;\"\n\t\t\t\t\t\t\t\tdata-frame_999=\"o:0;st:w;\"\n\t\t\t\t\t\t\t\tstyle=\"z-index:6;font-family:'Open Sans';\"\n\t\t\t\t\t\t\t>Your Confidence<br \/>\nOur Energy \n\t\t\t\t\t\t\t<\/rs-layer><!--\n\n\t\t\t\t\t\t\t--><rs-layer\n\t\t\t\t\t\t\t\tid=\"slider-24-slide-24-layer-2\" \n\t\t\t\t\t\t\t\tdata-type=\"text\"\n\t\t\t\t\t\t\t\tdata-color=\"#ffffff\"\n\t\t\t\t\t\t\t\tdata-rsp_ch=\"on\"\n\t\t\t\t\t\t\t\tdata-xy=\"x:729px;y:484px;\"\n\t\t\t\t\t\t\t\tdata-text=\"w:normal;s:19;l:21;fw:600;\"\n\t\t\t\t\t\t\t\tdata-frame_999=\"o:0;st:w;\"\n\t\t\t\t\t\t\t\tstyle=\"z-index:6;font-family:'Open Sans';\"\n\t\t\t\t\t\t\t>Service 24 hours, 7 days \n\t\t\t\t\t\t\t<\/rs-layer><!--\n\n\t\t\t\t\t\t\t--><a\n\t\t\t\t\t\t\t\tid=\"slider-24-slide-24-layer-3\" \n\t\t\t\t\t\t\t\tclass=\"rs-layer\"\n\t\t\t\t\t\t\t\thref=\"tel:18005673835\" target=\"_self\"\n\t\t\t\t\t\t\t\tdata-type=\"text\"\n\t\t\t\t\t\t\t\tdata-color=\"#ffffff\"\n\t\t\t\t\t\t\t\tdata-rsp_ch=\"on\"\n\t\t\t\t\t\t\t\tdata-xy=\"x:729px;y:517px;\"\n\t\t\t\t\t\t\t\tdata-text=\"w:normal;s:26;l:29;fw:600;\"\n\t\t\t\t\t\t\t\tdata-frame_999=\"o:0;st:w;\"\n\t\t\t\t\t\t\t\tstyle=\"z-index:6;font-family:'Open Sans';\"\n\t\t\t\t\t\t\t>1 800 567-3835 \n\t\t\t\t\t\t\t<\/a><!--\n-->\t\t\t\t\t<\/rs-slide>\n\t\t\t\t\t<\/rs-slides>\n\t\t\t\t<\/rs-module>\n\t\t\t\t<script>\n\t\t\t\t\tsetREVStartSize({c: 'rev_slider_24_1',rl:[1240,1024,778,480],el:[600],gw:[1240],gh:[600],type:'standard',justify:'',layout:'fullwidth',mh:\"0\"});if (window.RS_MODULES!==undefined && window.RS_MODULES.modules!==undefined && window.RS_MODULES.modules[\"revslider241\"]!==undefined) {window.RS_MODULES.modules[\"revslider241\"].once = false;window.revapi24 = undefined;if (window.RS_MODULES.checkMinimal!==undefined) window.RS_MODULES.checkMinimal()}\n\t\t\t\t<\/script>\n\t\t\t<\/rs-module-wrap>\n\t\t\t<!-- END REVOLUTION SLIDER -->\n<\/div><\/div><\/div><div class=\"x-section e490-e5 mdm-0 mdm-1\"><div class=\"x-row x-container max width e490-e6 mdm-4 mdm-5 mdm-6 mdm-9 mdm-a\"><div class=\"x-row-inner\"><div class=\"x-col e490-e7 mdm-f mdm-g mdm-h\"><span class=\"x-image e490-e8 mdm-j\"><img decoding=\"async\" src=\"https:\/\/generatricedrummond.com\/wp-content\/uploads\/2021\/03\/logo_double_wajax_GDrummond_400px.png\" width=\"200\" height=\"211\" alt=\"Image\" loading=\"lazy\"><\/span><\/div><div class=\"x-col e490-e9 mdm-f mdm-i\"><div class=\"x-text x-content e490-e10 mdm-k mdm-l\"><p>The power of team work<\/p><\/div><div class=\"x-text x-content e490-e11 mdm-k mdm-m mdm-n\"><p>Since 1996, G&eacute;n&eacute;ratrice Drummond is part of Wajax Power Systems, a leading distributor of heavy duty engines, transmissions, power generation systems and aftermarket parts and services. With over than 150 years of experience and 27 branches across Canada, Wajax Power Systems serves a wide variety of industries including mining, oil and gas, construction and industrial, marine and ground transportation.<\/p><\/div><\/div><\/div><\/div><\/div><div class=\"x-section e490-e12 mdm-0 mdm-2 mdm-3\"><div class=\"x-row x-container max width e490-e13 mdm-4 mdm-7 mdm-8 mdm-9 mdm-b\"><div class=\"x-row-inner\"><div class=\"x-col e490-e14 mdm-f mdm-g\"><div class=\"x-text x-content e490-e15 mdm-k mdm-l\"><p>A leader in the field for over 40 years<\/p><\/div><div class=\"x-text x-content e490-e16 mdm-k mdm-m mdm-o\"><p>G&eacute;n&eacute;ratrice Drummond offers a wide range of reliable generators of well-known brands such as MTU Onsite, Doosan, Pramac, Briggs &amp; Stratton and PTO Drummond for several applications and markets. Our team offers a variety of customized services from the evaluation of your power needs, installation, preventive maintenance service and a 24-hour emergency service. Contact us today to discuss a system perfectly adapted to your application.<\/p><\/div><a class=\"x-anchor x-anchor-button e490-e17 mdm-p mdm-q\" tabindex=\"0\" href=\"\/en\/about-us\/\"><div class=\"x-anchor-content\"><div class=\"x-anchor-text\"><span class=\"x-anchor-text-primary\">LEARN MORE<\/span><\/div><\/div><\/a><\/div><\/div><\/div><\/div><div class=\"x-section e490-e18 mdm-0 mdm-2\"><div class=\"x-row x-container max width e490-e19 mdm-4 mdm-6 mdm-7 mdm-9 mdm-c\"><div class=\"x-row-inner\"><div class=\"x-col e490-e20 mdm-f mdm-g\"><div class=\"x-frame x-frame-video-embed e490-e21 mdm-t mdm-u\"><div class=\"x-frame-inner\"><div class=\"x-video x-video-embed\"><div class=\"x-video player\" data-x-element-mejs><div class=\"x-video-inner\"><video class=\"x-mejs x-wp-video-shortcode advanced-controls\" id=\"video-490-1\" width=\"640\" height=\"360\" preload=\"metadata\" controls=\"controls\"><source type=\"video\/mp4\" src=\"https:\/\/wajax-website-production.s3.us-west-2.amazonaws.com\/video\/customer-gauge-en.mp4?_=1\" \/><\/video><\/div><\/div><\/div><\/div><\/div><\/div><div class=\"x-col e490-e22 mdm-f mdm-g mdm-h\"><blockquote class=\"x-quote e490-e23 mdm-v\"><div class=\"x-quote-content\"><div class=\"x-quote-text\"><p>Your supplier of complete solutions for energy systems.<\/p><\/div><\/div><\/blockquote><a class=\"x-anchor x-anchor-button e490-e24 mdm-q mdm-r\" tabindex=\"0\" href=\"\/produits\/\"><div class=\"x-anchor-content\"><div class=\"x-anchor-text\"><span class=\"x-anchor-text-primary\">LEARN MORE<\/span><\/div><\/div><\/a><\/div><\/div><\/div><\/div><div class=\"x-section e490-e25 mdm-0 mdm-2 mdm-3\"><div class=\"x-row x-container max width e490-e26 mdm-4 mdm-7 mdm-8 mdm-9 mdm-d\"><div class=\"x-row-inner\"><div class=\"x-col e490-e27 mdm-f mdm-g\"><div class=\"x-text x-content e490-e28 mdm-k mdm-l\"><p>Our People. Our Strength.<\/p><\/div><div class=\"x-text x-content e490-e29 mdm-k mdm-m\"><p>At Wajax we turn ordinary jobs into exciting careers providing multiple career opportunities &ndash; all within our organization. We are looking for motivated, dynamic talent to join our team!<\/p>\n<p><strong>Are you ready to team up with Wajax?<\/strong><\/p><\/div><a class=\"x-anchor x-anchor-button e490-e30 mdm-q mdm-r\" tabindex=\"0\" href=\"https:\/\/www.wajax.com\/careers\/\" target=\"_blank\"><div class=\"x-anchor-content\"><div class=\"x-anchor-text\"><span class=\"x-anchor-text-primary\">JOBS<\/span><\/div><\/div><\/a><\/div><div class=\"x-col e490-e31 mdm-f mdm-g\"><div class=\"x-bg\" aria-hidden=\"true\"><div class=\"x-bg-layer-lower-image\" style=\" background-image: url(https:\/\/wajax-website-production.s3.us-west-2.amazonaws.com\/wp-content\/uploads\/2018\/02\/careers-header-1400x534.jpg); background-repeat: no-repeat; background-position: center; background-size: cover;\"><\/div><\/div><\/div><\/div><\/div><\/div><div class=\"x-section e490-e32 mdm-0 mdm-2\"><div class=\"x-row x-container max width e490-e33 mdm-4 mdm-7 mdm-8 mdm-9 mdm-e\"><div class=\"x-row-inner\"><div class=\"x-col e490-e34 mdm-f mdm-g\"><div class=\"x-text x-content e490-e35 mdm-k mdm-l\"><p>Worry-free rental solutions<\/p><\/div><div class=\"x-text x-content e490-e36 mdm-k mdm-m mdm-o\"><p>G&eacute;n&eacute;ratrice Drummond Rentals offers a complete turn-key solution for your projects. Whether you need 200 kW or 2 MW of power, for short-term or long-term needs, for a construction project, an event or any other use, our fleet of generators will meet all your rental needs.<\/p><\/div><a class=\"x-anchor x-anchor-button has-graphic e490-e37 mdm-p mdm-q mdm-s\" tabindex=\"0\" href=\"\/en\/rental\/\"><div class=\"x-anchor-content\"><span class=\"x-graphic\" aria-hidden=\"true\"><i class=\"x-icon x-graphic-child x-graphic-icon x-graphic-primary\" aria-hidden=\"true\" data-x-icon-l=\"&#xf0aa;\"><\/i><\/span><div class=\"x-anchor-text\"><span class=\"x-anchor-text-primary\">RENTAL<\/span><\/div><\/div><\/a><\/div><div class=\"x-col e490-e38 mdm-f mdm-g\"><div class=\"x-bg\" aria-hidden=\"true\"><div class=\"x-bg-layer-lower-image\" style=\" background-image: url(https:\/\/generatricedrummond.com\/wp-content\/uploads\/2021\/04\/image.jpeg); background-repeat: no-repeat; background-position: right; background-size: contain;\"><\/div><\/div><\/div><\/div><\/div><\/div><\/div>\n","protected":false},"excerpt":{"rendered":"<p>Your Confidence Our Energy Service 24 hours, 7 days 1 800 567-3835 The power of team workSince 1996, G&eacute;n&eacute;ratrice Drummond is part of Wajax Power Systems, a leading distributor of heavy duty engines, transmissions, power generation systems and aftermarket parts and services. With over than 150 years of experience and 27 branches across Canada, Wajax Power Systems serves a wide &#8230; <\/p>\n<div><a href=\"https:\/\/generatricedrummond.com\/en\/\" class=\"more-link\">Read More<\/a><\/div>\n","protected":false},"author":1,"featured_media":0,"parent":0,"menu_order":0,"comment_status":"closed","ping_status":"closed","template":"template-blank-4.php","meta":{"footnotes":""},"class_list":["post-490","page","type-page","status-publish","hentry","no-post-thumbnail"],"yoast_head":"<!-- This site is optimized with the Yoast SEO plugin v26.8 - https:\/\/yoast.com\/product\/yoast-seo-wordpress\/ -->\n<title>home - G\u00e9n\u00e9ratrice Drummond - Votre fournisseur de solutions compl\u00e8tes pour les syst\u00e8mes \u00e9nerg\u00e9tiques<\/title>\n<meta name=\"robots\" content=\"index, follow, max-snippet:-1, max-image-preview:large, max-video-preview:-1\" \/>\n<link rel=\"canonical\" href=\"https:\/\/generatricedrummond.com\/en\/home\/\" \/>\n<meta property=\"og:locale\" content=\"en_US\" \/>\n<meta property=\"og:type\" content=\"article\" \/>\n<meta property=\"og:title\" content=\"home - G\u00e9n\u00e9ratrice Drummond - Votre fournisseur de solutions compl\u00e8tes pour les syst\u00e8mes \u00e9nerg\u00e9tiques\" \/>\n<meta property=\"og:description\" content=\"Your Confidence Our Energy Service 24 hours, 7 days 1 800 567-3835 The power of team workSince 1996, G&eacute;n&eacute;ratrice Drummond is part of Wajax Power Systems, a leading distributor of heavy duty engines, transmissions, power generation systems and aftermarket parts and services. With over than 150 years of experience and 27 branches across Canada, Wajax Power Systems serves a wide ... Read More\" \/>\n<meta property=\"og:url\" content=\"https:\/\/generatricedrummond.com\/en\/home\/\" \/>\n<meta property=\"og:site_name\" content=\"G\u00e9n\u00e9ratrice Drummond - Votre fournisseur de solutions compl\u00e8tes pour les syst\u00e8mes \u00e9nerg\u00e9tiques\" \/>\n<meta property=\"article:modified_time\" content=\"2024-10-29T13:46:29+00:00\" \/>\n<meta name=\"twitter:card\" content=\"summary_large_image\" \/>\n<meta name=\"twitter:label1\" content=\"Est. reading time\" \/>\n\t<meta name=\"twitter:data1\" content=\"3 minutes\" \/>\n<script type=\"application\/ld+json\" class=\"yoast-schema-graph\">{\"@context\":\"https:\/\/schema.org\",\"@graph\":[{\"@type\":\"WebPage\",\"@id\":\"https:\/\/generatricedrummond.com\/en\/home\/\",\"url\":\"https:\/\/generatricedrummond.com\/en\/home\/\",\"name\":\"home - G\u00e9n\u00e9ratrice Drummond - Votre fournisseur de solutions compl\u00e8tes pour les syst\u00e8mes \u00e9nerg\u00e9tiques\",\"isPartOf\":{\"@id\":\"https:\/\/generatricedrummond.com\/#website\"},\"datePublished\":\"2021-03-15T21:04:00+00:00\",\"dateModified\":\"2024-10-29T13:46:29+00:00\",\"breadcrumb\":{\"@id\":\"https:\/\/generatricedrummond.com\/en\/home\/#breadcrumb\"},\"inLanguage\":\"en-US\",\"potentialAction\":[{\"@type\":\"ReadAction\",\"target\":[\"https:\/\/generatricedrummond.com\/en\/home\/\"]}]},{\"@type\":\"BreadcrumbList\",\"@id\":\"https:\/\/generatricedrummond.com\/en\/home\/#breadcrumb\",\"itemListElement\":[{\"@type\":\"ListItem\",\"position\":1,\"name\":\"Accueil\",\"item\":\"https:\/\/generatricedrummond.com\/en\/home\/\"},{\"@type\":\"ListItem\",\"position\":2,\"name\":\"home\"}]},{\"@type\":\"WebSite\",\"@id\":\"https:\/\/generatricedrummond.com\/#website\",\"url\":\"https:\/\/generatricedrummond.com\/\",\"name\":\"G\u00e9n\u00e9ratrice Drummond - Votre fournisseur de solutions compl\u00e8tes pour les syst\u00e8mes \u00e9nerg\u00e9tiques\",\"description\":\"Distributeur et fabricant de g\u00e9n\u00e9ratrice\",\"potentialAction\":[{\"@type\":\"SearchAction\",\"target\":{\"@type\":\"EntryPoint\",\"urlTemplate\":\"https:\/\/generatricedrummond.com\/?s={search_term_string}\"},\"query-input\":{\"@type\":\"PropertyValueSpecification\",\"valueRequired\":true,\"valueName\":\"search_term_string\"}}],\"inLanguage\":\"en-US\"}]}<\/script>\n<!-- \/ Yoast SEO plugin. -->","yoast_head_json":{"title":"home - G\u00e9n\u00e9ratrice Drummond - Votre fournisseur de solutions compl\u00e8tes pour les syst\u00e8mes \u00e9nerg\u00e9tiques","robots":{"index":"index","follow":"follow","max-snippet":"max-snippet:-1","max-image-preview":"max-image-preview:large","max-video-preview":"max-video-preview:-1"},"canonical":"https:\/\/generatricedrummond.com\/en\/home\/","og_locale":"en_US","og_type":"article","og_title":"home - G\u00e9n\u00e9ratrice Drummond - Votre fournisseur de solutions compl\u00e8tes pour les syst\u00e8mes \u00e9nerg\u00e9tiques","og_description":"Your Confidence Our Energy Service 24 hours, 7 days 1 800 567-3835 The power of team workSince 1996, G&eacute;n&eacute;ratrice Drummond is part of Wajax Power Systems, a leading distributor of heavy duty engines, transmissions, power generation systems and aftermarket parts and services. With over than 150 years of experience and 27 branches across Canada, Wajax Power Systems serves a wide ... Read More","og_url":"https:\/\/generatricedrummond.com\/en\/home\/","og_site_name":"G\u00e9n\u00e9ratrice Drummond - Votre fournisseur de solutions compl\u00e8tes pour les syst\u00e8mes \u00e9nerg\u00e9tiques","article_modified_time":"2024-10-29T13:46:29+00:00","twitter_card":"summary_large_image","twitter_misc":{"Est. reading time":"3 minutes"},"schema":{"@context":"https:\/\/schema.org","@graph":[{"@type":"WebPage","@id":"https:\/\/generatricedrummond.com\/en\/home\/","url":"https:\/\/generatricedrummond.com\/en\/home\/","name":"home - G\u00e9n\u00e9ratrice Drummond - Votre fournisseur de solutions compl\u00e8tes pour les syst\u00e8mes \u00e9nerg\u00e9tiques","isPartOf":{"@id":"https:\/\/generatricedrummond.com\/#website"},"datePublished":"2021-03-15T21:04:00+00:00","dateModified":"2024-10-29T13:46:29+00:00","breadcrumb":{"@id":"https:\/\/generatricedrummond.com\/en\/home\/#breadcrumb"},"inLanguage":"en-US","potentialAction":[{"@type":"ReadAction","target":["https:\/\/generatricedrummond.com\/en\/home\/"]}]},{"@type":"BreadcrumbList","@id":"https:\/\/generatricedrummond.com\/en\/home\/#breadcrumb","itemListElement":[{"@type":"ListItem","position":1,"name":"Accueil","item":"https:\/\/generatricedrummond.com\/en\/home\/"},{"@type":"ListItem","position":2,"name":"home"}]},{"@type":"WebSite","@id":"https:\/\/generatricedrummond.com\/#website","url":"https:\/\/generatricedrummond.com\/","name":"G\u00e9n\u00e9ratrice Drummond - Votre fournisseur de solutions compl\u00e8tes pour les syst\u00e8mes \u00e9nerg\u00e9tiques","description":"Distributeur et fabricant de g\u00e9n\u00e9ratrice","potentialAction":[{"@type":"SearchAction","target":{"@type":"EntryPoint","urlTemplate":"https:\/\/generatricedrummond.com\/?s={search_term_string}"},"query-input":{"@type":"PropertyValueSpecification","valueRequired":true,"valueName":"search_term_string"}}],"inLanguage":"en-US"}]}},"_links":{"self":[{"href":"https:\/\/generatricedrummond.com\/en\/wp-json\/wp\/v2\/pages\/490","targetHints":{"allow":["GET"]}}],"collection":[{"href":"https:\/\/generatricedrummond.com\/en\/wp-json\/wp\/v2\/pages"}],"about":[{"href":"https:\/\/generatricedrummond.com\/en\/wp-json\/wp\/v2\/types\/page"}],"author":[{"embeddable":true,"href":"https:\/\/generatricedrummond.com\/en\/wp-json\/wp\/v2\/users\/1"}],"replies":[{"embeddable":true,"href":"https:\/\/generatricedrummond.com\/en\/wp-json\/wp\/v2\/comments?post=490"}],"version-history":[{"count":9,"href":"https:\/\/generatricedrummond.com\/en\/wp-json\/wp\/v2\/pages\/490\/revisions"}],"predecessor-version":[{"id":5950,"href":"https:\/\/generatricedrummond.com\/en\/wp-json\/wp\/v2\/pages\/490\/revisions\/5950"}],"wp:attachment":[{"href":"https:\/\/generatricedrummond.com\/en\/wp-json\/wp\/v2\/media?parent=490"}],"curies":[{"name":"wp","href":"https:\/\/api.w.org\/{rel}","templated":true}]}}