{"id":481,"date":"2021-06-03T11:14:31","date_gmt":"2021-06-03T15:14:31","guid":{"rendered":"https:\/\/generatricedrummond.com.productionspolar.com\/?page_id=481"},"modified":"2021-07-09T16:37:32","modified_gmt":"2021-07-09T20:37:32","slug":"contact-us","status":"publish","type":"page","link":"https:\/\/generatricedrummond.com\/en\/contact-us\/","title":{"rendered":"Contact Us"},"content":{"rendered":"<div id=\"cs-content\" class=\"cs-content\"><\/div>\n","protected":false},"excerpt":{"rendered":"<p>Contact Us Service 24 hours, 7 days 1 800 567-3835 We Are Here, When and Where you Need UsEmergency Service Available, Always. Time is money. You can rely on our emergency service whenever you need us. We are available 24\/7, all year round, throughout Qu\u00e9bec and the Ottawa Valley. All of our service trucks have a wide range of guaranteed &#8230; <\/p>\n<div><a href=\"https:\/\/generatricedrummond.com\/en\/contact-us\/\" class=\"more-link\">Read More<\/a><\/div>\n","protected":false},"author":1,"featured_media":0,"parent":0,"menu_order":0,"comment_status":"closed","ping_status":"closed","template":"template-blank-4.php","meta":{"footnotes":""},"class_list":["post-481","page","type-page","status-publish","hentry","no-post-thumbnail"],"yoast_head":"<!-- This site is optimized with the Yoast SEO plugin v26.8 - https:\/\/yoast.com\/product\/yoast-seo-wordpress\/ -->\n<title>Contact Us - G\u00e9n\u00e9ratrice Drummond - Votre fournisseur de solutions compl\u00e8tes pour les syst\u00e8mes \u00e9nerg\u00e9tiques<\/title>\n<meta name=\"robots\" content=\"index, follow, max-snippet:-1, max-image-preview:large, max-video-preview:-1\" \/>\n<link rel=\"canonical\" href=\"https:\/\/generatricedrummond.com\/en\/contact-us\/\" \/>\n<meta property=\"og:locale\" content=\"en_US\" \/>\n<meta property=\"og:type\" content=\"article\" \/>\n<meta property=\"og:title\" content=\"Contact Us - G\u00e9n\u00e9ratrice Drummond - Votre fournisseur de solutions compl\u00e8tes pour les syst\u00e8mes \u00e9nerg\u00e9tiques\" \/>\n<meta property=\"og:description\" content=\"Contact Us Service 24 hours, 7 days 1 800 567-3835 We Are Here, When and Where you Need UsEmergency Service Available, Always. Time is money. You can rely on our emergency service whenever you need us. We are available 24\/7, all year round, throughout Qu\u00e9bec and the Ottawa Valley. All of our service trucks have a wide range of guaranteed ... Read More\" \/>\n<meta property=\"og:url\" content=\"https:\/\/generatricedrummond.com\/en\/contact-us\/\" \/>\n<meta property=\"og:site_name\" content=\"G\u00e9n\u00e9ratrice Drummond - Votre fournisseur de solutions compl\u00e8tes pour les syst\u00e8mes \u00e9nerg\u00e9tiques\" \/>\n<meta property=\"article:modified_time\" content=\"2021-07-09T20:37:32+00:00\" \/>\n<meta name=\"twitter:card\" content=\"summary_large_image\" \/>\n<meta name=\"twitter:label1\" content=\"Est. reading time\" \/>\n\t<meta name=\"twitter:data1\" content=\"2 minutes\" \/>\n<script type=\"application\/ld+json\" class=\"yoast-schema-graph\">{\"@context\":\"https:\/\/schema.org\",\"@graph\":[{\"@type\":\"WebPage\",\"@id\":\"https:\/\/generatricedrummond.com\/en\/contact-us\/\",\"url\":\"https:\/\/generatricedrummond.com\/en\/contact-us\/\",\"name\":\"Contact Us - G\u00e9n\u00e9ratrice Drummond - Votre fournisseur de solutions compl\u00e8tes pour les syst\u00e8mes \u00e9nerg\u00e9tiques\",\"isPartOf\":{\"@id\":\"https:\/\/generatricedrummond.com\/#website\"},\"datePublished\":\"2021-06-03T15:14:31+00:00\",\"dateModified\":\"2021-07-09T20:37:32+00:00\",\"breadcrumb\":{\"@id\":\"https:\/\/generatricedrummond.com\/en\/contact-us\/#breadcrumb\"},\"inLanguage\":\"en-US\",\"potentialAction\":[{\"@type\":\"ReadAction\",\"target\":[\"https:\/\/generatricedrummond.com\/en\/contact-us\/\"]}]},{\"@type\":\"BreadcrumbList\",\"@id\":\"https:\/\/generatricedrummond.com\/en\/contact-us\/#breadcrumb\",\"itemListElement\":[{\"@type\":\"ListItem\",\"position\":1,\"name\":\"Accueil\",\"item\":\"https:\/\/generatricedrummond.com\/en\/home\/\"},{\"@type\":\"ListItem\",\"position\":2,\"name\":\"Contact Us\"}]},{\"@type\":\"WebSite\",\"@id\":\"https:\/\/generatricedrummond.com\/#website\",\"url\":\"https:\/\/generatricedrummond.com\/\",\"name\":\"G\u00e9n\u00e9ratrice Drummond - Votre fournisseur de solutions compl\u00e8tes pour les syst\u00e8mes \u00e9nerg\u00e9tiques\",\"description\":\"Distributeur et fabricant de g\u00e9n\u00e9ratrice\",\"potentialAction\":[{\"@type\":\"SearchAction\",\"target\":{\"@type\":\"EntryPoint\",\"urlTemplate\":\"https:\/\/generatricedrummond.com\/?s={search_term_string}\"},\"query-input\":{\"@type\":\"PropertyValueSpecification\",\"valueRequired\":true,\"valueName\":\"search_term_string\"}}],\"inLanguage\":\"en-US\"}]}<\/script>\n<!-- \/ Yoast SEO plugin. -->","yoast_head_json":{"title":"Contact Us - G\u00e9n\u00e9ratrice Drummond - Votre fournisseur de solutions compl\u00e8tes pour les syst\u00e8mes \u00e9nerg\u00e9tiques","robots":{"index":"index","follow":"follow","max-snippet":"max-snippet:-1","max-image-preview":"max-image-preview:large","max-video-preview":"max-video-preview:-1"},"canonical":"https:\/\/generatricedrummond.com\/en\/contact-us\/","og_locale":"en_US","og_type":"article","og_title":"Contact Us - G\u00e9n\u00e9ratrice Drummond - Votre fournisseur de solutions compl\u00e8tes pour les syst\u00e8mes \u00e9nerg\u00e9tiques","og_description":"Contact Us Service 24 hours, 7 days 1 800 567-3835 We Are Here, When and Where you Need UsEmergency Service Available, Always. Time is money. You can rely on our emergency service whenever you need us. We are available 24\/7, all year round, throughout Qu\u00e9bec and the Ottawa Valley. All of our service trucks have a wide range of guaranteed ... Read More","og_url":"https:\/\/generatricedrummond.com\/en\/contact-us\/","og_site_name":"G\u00e9n\u00e9ratrice Drummond - Votre fournisseur de solutions compl\u00e8tes pour les syst\u00e8mes \u00e9nerg\u00e9tiques","article_modified_time":"2021-07-09T20:37:32+00:00","twitter_card":"summary_large_image","twitter_misc":{"Est. reading time":"2 minutes"},"schema":{"@context":"https:\/\/schema.org","@graph":[{"@type":"WebPage","@id":"https:\/\/generatricedrummond.com\/en\/contact-us\/","url":"https:\/\/generatricedrummond.com\/en\/contact-us\/","name":"Contact Us - G\u00e9n\u00e9ratrice Drummond - Votre fournisseur de solutions compl\u00e8tes pour les syst\u00e8mes \u00e9nerg\u00e9tiques","isPartOf":{"@id":"https:\/\/generatricedrummond.com\/#website"},"datePublished":"2021-06-03T15:14:31+00:00","dateModified":"2021-07-09T20:37:32+00:00","breadcrumb":{"@id":"https:\/\/generatricedrummond.com\/en\/contact-us\/#breadcrumb"},"inLanguage":"en-US","potentialAction":[{"@type":"ReadAction","target":["https:\/\/generatricedrummond.com\/en\/contact-us\/"]}]},{"@type":"BreadcrumbList","@id":"https:\/\/generatricedrummond.com\/en\/contact-us\/#breadcrumb","itemListElement":[{"@type":"ListItem","position":1,"name":"Accueil","item":"https:\/\/generatricedrummond.com\/en\/home\/"},{"@type":"ListItem","position":2,"name":"Contact Us"}]},{"@type":"WebSite","@id":"https:\/\/generatricedrummond.com\/#website","url":"https:\/\/generatricedrummond.com\/","name":"G\u00e9n\u00e9ratrice Drummond - Votre fournisseur de solutions compl\u00e8tes pour les syst\u00e8mes \u00e9nerg\u00e9tiques","description":"Distributeur et fabricant de g\u00e9n\u00e9ratrice","potentialAction":[{"@type":"SearchAction","target":{"@type":"EntryPoint","urlTemplate":"https:\/\/generatricedrummond.com\/?s={search_term_string}"},"query-input":{"@type":"PropertyValueSpecification","valueRequired":true,"valueName":"search_term_string"}}],"inLanguage":"en-US"}]}},"_links":{"self":[{"href":"https:\/\/generatricedrummond.com\/en\/wp-json\/wp\/v2\/pages\/481","targetHints":{"allow":["GET"]}}],"collection":[{"href":"https:\/\/generatricedrummond.com\/en\/wp-json\/wp\/v2\/pages"}],"about":[{"href":"https:\/\/generatricedrummond.com\/en\/wp-json\/wp\/v2\/types\/page"}],"author":[{"embeddable":true,"href":"https:\/\/generatricedrummond.com\/en\/wp-json\/wp\/v2\/users\/1"}],"replies":[{"embeddable":true,"href":"https:\/\/generatricedrummond.com\/en\/wp-json\/wp\/v2\/comments?post=481"}],"version-history":[{"count":7,"href":"https:\/\/generatricedrummond.com\/en\/wp-json\/wp\/v2\/pages\/481\/revisions"}],"predecessor-version":[{"id":738,"href":"https:\/\/generatricedrummond.com\/en\/wp-json\/wp\/v2\/pages\/481\/revisions\/738"}],"wp:attachment":[{"href":"https:\/\/generatricedrummond.com\/en\/wp-json\/wp\/v2\/media?parent=481"}],"curies":[{"name":"wp","href":"https:\/\/api.w.org\/{rel}","templated":true}]}}